{"id":100,"date":"2014-10-04T09:22:40","date_gmt":"2014-10-04T07:22:40","guid":{"rendered":"https:\/\/transparencia.org.es\/en\/?page_id=100"},"modified":"2014-10-15T06:40:23","modified_gmt":"2014-10-15T04:40:23","slug":"igc-2010","status":"publish","type":"page","link":"https:\/\/transparencia.org.es\/en\/igc-2010\/","title":{"rendered":"IGC 2010"},"content":{"rendered":"<ul>\n<li>\n<h5><a href=\"https:\/\/webantigua.transparencia.org.es\/INDICES_GLOBAL_DE_LA_CORRUPCI%C3%93N\/INFORME%20GLOBAL%202010\/Aspectos%20m%C3%A1s%20destacados%20del%20Informe%20Global%202010.pdf\">ASPECTOS M\u00c1S DESTACADOS DEL INFORME GLOBAL 2010<\/a><\/h5>\n<\/li>\n<li>\n<h5><a href=\"https:\/\/www.transparency.org\/content\/download\/60588\/970878\/Global_Corruption_Report_Climate_Change_Spanish.\">INFORME GLOBAL SOBRE LA CORRUPCI\u00d3N 2010 (Informe completo)<\/a><\/h5>\n<\/li>\n<li>\n<h5><a href=\"https:\/\/webantigua.transparencia.org.es\/INDICES_GLOBAL_DE_LA_CORRUPCI%C3%93N\/INFORME%20GLOBAL%202010\/Resumen%20ejecutivo%20del%20Informe%20Global.pdf\">RESUMEN EJECUTIVO DEL INFORME GLOBAL<\/a><\/h5>\n<\/li>\n<li>\n<h5><a href=\"https:\/\/webantigua.transparencia.org.es\/INDICES_GLOBAL_DE_LA_CORRUPCI%C3%93N\/INFORME%20GLOBAL%202010\/Preguntas%20frecuentes%20sobre%20el%20Informe.pdf\">PREGUNTAS FRECUENTES SOBRE EL INFORME<\/a><\/h5>\n<\/li>\n<li>\n<h5><a href=\"https:\/\/webantigua.transparencia.org.es\/INDICES_GLOBAL_DE_LA_CORRUPCI%C3%93N\/INFORME%20GLOBAL%202010\/Informe%20espec%C3%ADfico%20sobre%20Espa%C3%B1a.pdf\">INFORME ESPEC\u00cdFICO SOBRE ESPA\u00d1A<\/a><\/h5>\n<\/li>\n<li>\n<h5><a href=\"https:\/\/webantigua.transparencia.org.es\/INDICES_GLOBAL_DE_LA_CORRUPCI%C3%93N\/INFORME%20GLOBAL%202010\/Estudios%20de%20casos%20y%20ejemplos%20nacionales.pdf\">ESTUDIOS DE CASOS Y EJEMPLOS NACIONALES<\/a><\/h5>\n<\/li>\n<li>\n<h5><a href=\"https:\/\/webantigua.transparencia.org.es\/INDICES_GLOBAL_DE_LA_CORRUPCI%C3%93N\/INFORME%20GLOBAL%202010\/Foto%201.htm\">FOTOS DEL ACTO DE PRESENTACI\u00d3N DEL INFORME<\/a><\/h5>\n<\/li>\n<\/ul>\n<p>&nbsp;<\/p>\n","protected":false},"excerpt":{"rendered":"<p>ASPECTOS M\u00c1S DESTACADOS DEL INFORME GLOBAL 2010 INFORME GLOBAL SOBRE LA CORRUPCI\u00d3N 2010 (Informe completo) RESUMEN EJECUTIVO DEL INFORME GLOBAL PREGUNTAS FRECUENTES SOBRE EL INFORME INFORME ESPEC\u00cdFICO SOBRE ESPA\u00d1A ESTUDIOS DE CASOS Y EJEMPLOS NACIONALES FOTOS DEL ACTO DE PRESENTACI\u00d3N DEL INFORME &nbsp;<\/p>\n","protected":false},"author":5,"featured_media":0,"parent":0,"menu_order":0,"comment_status":"open","ping_status":"closed","template":"","meta":[],"_links":{"self":[{"href":"https:\/\/transparencia.org.es\/en\/wp-json\/wp\/v2\/pages\/100"}],"collection":[{"href":"https:\/\/transparencia.org.es\/en\/wp-json\/wp\/v2\/pages"}],"about":[{"href":"https:\/\/transparencia.org.es\/en\/wp-json\/wp\/v2\/types\/page"}],"author":[{"embeddable":true,"href":"https:\/\/transparencia.org.es\/en\/wp-json\/wp\/v2\/users\/5"}],"replies":[{"embeddable":true,"href":"https:\/\/transparencia.org.es\/en\/wp-json\/wp\/v2\/comments?post=100"}],"version-history":[{"count":6,"href":"https:\/\/transparencia.org.es\/en\/wp-json\/wp\/v2\/pages\/100\/revisions"}],"predecessor-version":[{"id":1018,"href":"https:\/\/transparencia.org.es\/en\/wp-json\/wp\/v2\/pages\/100\/revisions\/1018"}],"wp:attachment":[{"href":"https:\/\/transparencia.org.es\/en\/wp-json\/wp\/v2\/media?parent=100"}],"curies":[{"name":"wp","href":"https:\/\/api.w.org\/{rel}","templated":true}]}}