{"id":148,"date":"2014-10-04T09:35:32","date_gmt":"2014-10-04T07:35:32","guid":{"rendered":"https:\/\/transparencia.org.es\/en\/?page_id=148"},"modified":"2016-02-10T11:58:28","modified_gmt":"2016-02-10T10:58:28","slug":"incau-2014","status":"publish","type":"page","link":"https:\/\/transparencia.org.es\/en\/incau-2014\/","title":{"rendered":"INCAU 2014"},"content":{"rendered":"<ul>\n<li>\n<h5><a href=\"https:\/\/webantigua.transparencia.org.es\/INCAU_2014\/Objetivos_y_caracter%C3%ADsticas_INCAU_2014.htm\">\u00cdNDICE DE TRANSPARENCIA DE LAS COMUNIDADES AUT\u00d3NOMAS (INCAU) 2014: OBJETIVOS Y CARACTER\u00cdSTICAS B\u00c1SICAS<\/a><\/h5>\n<\/li>\n<li>\n<h5><a href=\"https:\/\/webantigua.transparencia.org.es\/INCAU_2014\/Resultados_2014_Aspectos_m%C3%A1s_destacados.pdf\">RESULTADOS DEL INCAU: ASPECTOS M\u00c1S DESTACADOS<\/a><\/h5>\n<\/li>\n<\/ul>\n<p>&nbsp;<\/p>\n<h5>DETALLE DE LOS RESULTADOS DEL INCAU<\/h5>\n<ul>\n<li>\n<h5><a href=\"https:\/\/webantigua.transparencia.org.es\/INCAU_2014\/Ranking_global_INCAU_2014.pdf\">RANKING DE TRANSPARENCIA GLOBAL<\/a><\/h5>\n<\/li>\n<li>\n<h5><a href=\"https:\/\/webantigua.transparencia.org.es\/INCAU_2014\/Ranking_seis_areas_INCAU_2014.pdf\">RANKINGS DE LAS SEIS \u00c1REAS DE TRANSPARENCIA<\/a><\/h5>\n<\/li>\n<li>\n<h5><a href=\"https:\/\/webantigua.transparencia.org.es\/INCAU_2014\/Puntuaciones_medias_INCAU_2014.pdf\">PUNTUACIONES MEDIAS EN LAS SEIS \u00c1REAS DE TRANSPARENCIA<\/a><\/h5>\n<\/li>\n<li>\n<h5><a href=\"https:\/\/webantigua.transparencia.org.es\/INCAU_2014\/Segmentaci%C3%B3n_grupos_tama%C3%B1o_INCAU_2014.pdf\">SEGMENTACI\u00d3N DE LAS COMUNIDADES AUT\u00d3NOMAS POR GRUPOS DE TAMA\u00d1O<\/a><\/h5>\n<\/li>\n<li>\n<h5><a href=\"https:\/\/webantigua.transparencia.org.es\/INCAU_2014\/Puntuaci%C3%B3n_de_cada_CC.AA._seis_areas.htm\">PUNTUACIONES DE CADA COMUNIDAD AUT\u00d3NOMA EN LAS SEIS \u00c1REAS DE TRANSPARENCIA<\/a><\/h5>\n<\/li>\n<li>\n<h5><a href=\"https:\/\/webantigua.transparencia.org.es\/INCAU_2014\/Evaluaci%C3%B3n_cada_CC.AA..htm\">EVALUACI\u00d3N DETALLADA DE CADA UNA DE LAS COMUNIDADES AUT\u00d3NOMAS<\/a><\/h5>\n<\/li>\n<\/ul>\n<p>&nbsp;<\/p>\n<ul>\n<li>\n<h5><a href=\"https:\/\/webantigua.transparencia.org.es\/INCAU_2014\/Evoluci%C3%B3n_puntuaciones_INCAU_2010-2014_.pdf\">EVOLUCI\u00d3N PUNTUACIONES INCAU 2010 a 2014<\/a><\/h5>\n<\/li>\n<li>\n<h5><a href=\"https:\/\/webantigua.transparencia.org.es\/INCAU_2012\/17_CC.AA._evaluadas.pdf\">LAS 17 COMUNIDADES AUT\u00d3NOMAS EVALUADAS<\/a><\/h5>\n<\/li>\n<li>\n<h5><a href=\"https:\/\/webantigua.transparencia.org.es\/INCAU_2014\/Proceso_general_implantaci%C3%B3n_INCAU_2014.pdf\">PROCESO GENERAL DE IMPLANTACI\u00d3N DEL INCAU 2014<\/a><\/h5>\n<\/li>\n<li>\n<h5><a href=\"https:\/\/webantigua.transparencia.org.es\/INCAU_2014\/Metodolog%C3%ADa_utilizada_INCAU_2014.pdf\">METODOLOG\u00cdA UTILIZADA EN EL INCAU<\/a><\/h5>\n<\/li>\n<li>\n<h5><a href=\"https:\/\/webantigua.transparencia.org.es\/INCAU_2014\/Cuadro_Indicadores_INCAU_2014.doc.pdf\">CUADRO GENERAL DE \u00c1REAS E INDICADORES DE TRANSPARENCIA<\/a><\/h5>\n<\/li>\n<li>\n<h5><a href=\"https:\/\/transparencia.org.es\/fotos-del-acto-de-presentacion-del-incau-2014\/\">FOTOS DEL ACTO DE PRESENTACI\u00d3N DEL INCAU 2014<\/a><\/h5>\n<\/li>\n<\/ul>\n<p>&nbsp;<\/p>\n","protected":false},"excerpt":{"rendered":"<p>\u00cdNDICE DE TRANSPARENCIA DE LAS COMUNIDADES AUT\u00d3NOMAS (INCAU) 2014: OBJETIVOS Y CARACTER\u00cdSTICAS B\u00c1SICAS RESULTADOS DEL INCAU: ASPECTOS M\u00c1S DESTACADOS &nbsp; DETALLE DE LOS RESULTADOS DEL INCAU RANKING DE TRANSPARENCIA GLOBAL RANKINGS DE LAS SEIS \u00c1REAS DE TRANSPARENCIA PUNTUACIONES MEDIAS EN LAS SEIS \u00c1REAS DE TRANSPARENCIA SEGMENTACI\u00d3N DE LAS COMUNIDADES AUT\u00d3NOMAS POR GRUPOS DE TAMA\u00d1O PUNTUACIONES [&hellip;]<\/p>\n","protected":false},"author":5,"featured_media":0,"parent":0,"menu_order":0,"comment_status":"open","ping_status":"closed","template":"","meta":[],"_links":{"self":[{"href":"https:\/\/transparencia.org.es\/en\/wp-json\/wp\/v2\/pages\/148"}],"collection":[{"href":"https:\/\/transparencia.org.es\/en\/wp-json\/wp\/v2\/pages"}],"about":[{"href":"https:\/\/transparencia.org.es\/en\/wp-json\/wp\/v2\/types\/page"}],"author":[{"embeddable":true,"href":"https:\/\/transparencia.org.es\/en\/wp-json\/wp\/v2\/users\/5"}],"replies":[{"embeddable":true,"href":"https:\/\/transparencia.org.es\/en\/wp-json\/wp\/v2\/comments?post=148"}],"version-history":[{"count":13,"href":"https:\/\/transparencia.org.es\/en\/wp-json\/wp\/v2\/pages\/148\/revisions"}],"predecessor-version":[{"id":2024,"href":"https:\/\/transparencia.org.es\/en\/wp-json\/wp\/v2\/pages\/148\/revisions\/2024"}],"wp:attachment":[{"href":"https:\/\/transparencia.org.es\/en\/wp-json\/wp\/v2\/media?parent=148"}],"curies":[{"name":"wp","href":"https:\/\/api.w.org\/{rel}","templated":true}]}}