{"id":150,"date":"2014-10-04T09:35:48","date_gmt":"2014-10-04T07:35:48","guid":{"rendered":"https:\/\/transparencia.org.es\/en\/?page_id=150"},"modified":"2014-10-31T11:31:38","modified_gmt":"2014-10-31T10:31:38","slug":"incau-2010","status":"publish","type":"page","link":"https:\/\/transparencia.org.es\/en\/incau-2010\/","title":{"rendered":"INCAU 2010"},"content":{"rendered":"<ul>\n<li>\n<h5><a href=\"https:\/\/webantigua.transparencia.org.es\/INCAU_2010\/OBJETIVOS_Y_CONTENIDO_BASICO_DEL_INCAU.htm\">\u00cdNDICE DE TRANSPARENCIA DE LAS COMUNIDADES AUT\u00d3NOMAS (INCAU) 2010: OBJETIVOS Y CARACTER\u00cdSTICAS B\u00c1SICAS<\/a><\/h5>\n<\/li>\n<li>\n<h5><a href=\"https:\/\/webantigua.transparencia.org.es\/INCAU_2010\/CCAA_SE_ESFUERZAN_POR_SER_TRANSPARENTES.pdf\">RESULTADO DEL INCAU: ASPECTOS M\u00c1S DESTACADOS<\/a><\/h5>\n<\/li>\n<\/ul>\n<p>&nbsp;<\/p>\n<h5>DETALLE DE LOS RESULTADOS DEL INCAU<\/h5>\n<ul>\n<li>\n<h5><a href=\"https:\/\/webantigua.transparencia.org.es\/INCAU_2010\/RANKING_DE_TRANSPARENCIA_GLOBAL.pdf\">RANKING DE TRANSPARENCIA GLOBAL<\/a><\/h5>\n<\/li>\n<li>\n<h5><a href=\"https:\/\/webantigua.transparencia.org.es\/INCAU_2010\/RANKING_DE_LAS_CINCO_AREAS_DE_TRANSPARENCIA.pdf\">RANKINGS DE LAS CINCO \u00c1REAS DE TRANSPARENCIA<\/a><\/h5>\n<\/li>\n<li>\n<h5><a href=\"https:\/\/webantigua.transparencia.org.es\/INCAU_2010\/PUNTUACIONES_MEDIAS_DE_LAS_CINCO_AREAS_DE_TRANSPARENCIA.pdf\">PUNTUACIONES MEDIAS EN LAS CINCO \u00c1REAS DE TRANSPARENCIA<\/a><\/h5>\n<\/li>\n<li>\n<h5><a href=\"https:\/\/webantigua.transparencia.org.es\/INCAU_2010\/PUNTUACION_DE_CADA_CC.AA.htm\">PUNTUACIONES DE CADA COMUNIDAD AUT\u00d3NOMA EN LAS CINCO \u00c1REAS DE TRANSPARENCIA<\/a><\/h5>\n<\/li>\n<li>\n<h5><a href=\"https:\/\/webantigua.transparencia.org.es\/INCAU_2010\/SEGMENTACION_INCAU_POR_GRUPOS_DE_TAMANO.pdf\">SEGMENTACI\u00d3N DE LAS COMUNIDADES AUT\u00d3NOMAS POR GRUPOS DE TAMA\u00d1O<\/a><\/h5>\n<\/li>\n<\/ul>\n<p>&nbsp;<\/p>\n<ul>\n<li>\n<h5><a href=\"https:\/\/webantigua.transparencia.org.es\/INCAU_2010\/17_COMUNIDADES_AUT%C3%93NOMAS_EVALUADAS.pdf\">LAS 17 COMUNIDADES AUT\u00d3NOMAS EVALUADAS<\/a><\/h5>\n<\/li>\n<li>\n<h5><a href=\"https:\/\/webantigua.transparencia.org.es\/INCAU_2010\/MAPA_RESULTADOS_INCAU_2010.png\">MAPA DE RESULTADOS DEL INCAU<\/a><\/h5>\n<\/li>\n<li>\n<h5><a href=\"https:\/\/webantigua.transparencia.org.es\/INCAU_2010\/PROCESO_GENERAL_DE_IMPLANTACI%C3%93N_DEL_INCAU.pdf\">PROCESO GENERAL DE IMPLANTACI\u00d3N DEL INCAU<\/a><\/h5>\n<\/li>\n<li>\n<h5><a href=\"https:\/\/webantigua.transparencia.org.es\/INCAU_2010\/METODOLOGIA_UTLIZADA_EN_LA_VALORACI%C3%93N_DEL_INCAU.pdf\">METODOLOG\u00cdA UTILIZADA EN EL INCAU<\/a><\/h5>\n<\/li>\n<li>\n<h5><a href=\"https:\/\/webantigua.transparencia.org.es\/INCAU_2010\/Cuadro_General_de_Indicadores.pdf\">CUADRO GENERAL DE \u00c1REAS E INDICADORES DE TRANSPARENCIA<\/a><\/h5>\n<\/li>\n<li>\n<h5><a href=\"https:\/\/webantigua.transparencia.org.es\/GALERIA%20DE%20FOTOS\/INCAU\/FOTOS%20PRESENTACION%20INCAU.htm\">FOTOS DEL ACTO DE PRESENTACI\u00d3N DEL INCAU<\/a><\/h5>\n<\/li>\n<\/ul>\n<p>&nbsp;<\/p>\n","protected":false},"excerpt":{"rendered":"<p>\u00cdNDICE DE TRANSPARENCIA DE LAS COMUNIDADES AUT\u00d3NOMAS (INCAU) 2010: OBJETIVOS Y CARACTER\u00cdSTICAS B\u00c1SICAS RESULTADO DEL INCAU: ASPECTOS M\u00c1S DESTACADOS &nbsp; DETALLE DE LOS RESULTADOS DEL INCAU RANKING DE TRANSPARENCIA GLOBAL RANKINGS DE LAS CINCO \u00c1REAS DE TRANSPARENCIA PUNTUACIONES MEDIAS EN LAS CINCO \u00c1REAS DE TRANSPARENCIA PUNTUACIONES DE CADA COMUNIDAD AUT\u00d3NOMA EN LAS CINCO \u00c1REAS DE [&hellip;]<\/p>\n","protected":false},"author":5,"featured_media":0,"parent":0,"menu_order":0,"comment_status":"open","ping_status":"closed","template":"","meta":[],"_links":{"self":[{"href":"https:\/\/transparencia.org.es\/en\/wp-json\/wp\/v2\/pages\/150"}],"collection":[{"href":"https:\/\/transparencia.org.es\/en\/wp-json\/wp\/v2\/pages"}],"about":[{"href":"https:\/\/transparencia.org.es\/en\/wp-json\/wp\/v2\/types\/page"}],"author":[{"embeddable":true,"href":"https:\/\/transparencia.org.es\/en\/wp-json\/wp\/v2\/users\/5"}],"replies":[{"embeddable":true,"href":"https:\/\/transparencia.org.es\/en\/wp-json\/wp\/v2\/comments?post=150"}],"version-history":[{"count":10,"href":"https:\/\/transparencia.org.es\/en\/wp-json\/wp\/v2\/pages\/150\/revisions"}],"predecessor-version":[{"id":1226,"href":"https:\/\/transparencia.org.es\/en\/wp-json\/wp\/v2\/pages\/150\/revisions\/1226"}],"wp:attachment":[{"href":"https:\/\/transparencia.org.es\/en\/wp-json\/wp\/v2\/media?parent=150"}],"curies":[{"name":"wp","href":"https:\/\/api.w.org\/{rel}","templated":true}]}}