{"id":153,"date":"2014-10-04T09:36:32","date_gmt":"2014-10-04T07:36:32","guid":{"rendered":"https:\/\/transparencia.org.es\/en\/?page_id=153"},"modified":"2014-10-31T11:30:18","modified_gmt":"2014-10-31T10:30:18","slug":"incau-2012","status":"publish","type":"page","link":"https:\/\/transparencia.org.es\/en\/incau-2012\/","title":{"rendered":"INCAU 2012"},"content":{"rendered":"<ul>\n<li>\n<h5><a href=\"https:\/\/webantigua.transparencia.org.es\/INCAU_2012\/Objetivos_y_caracter%C3%ADsticas_b%C3%A1sica_del_INCAU_2012.htm\">\u00cdNDICE DE TRANSPARENCIA DE LAS COMUNIDADES AUT\u00d3NOMAS (INCAU) 2012: OBJETIVOS Y CARACTER\u00cdSTICAS B\u00c1SICAS<\/a><\/h5>\n<\/li>\n<li>\n<h5><a href=\"https:\/\/webantigua.transparencia.org.es\/INCAU_2012\/Resultados_del_INCAU_aspectos_m%C3%A1s_destacados.pdf\">RESULTADOS DEL INCAU: ASPECTOS M\u00c1S DESTACADOS<\/a><\/h5>\n<\/li>\n<\/ul>\n<p>&nbsp;<\/p>\n<h5>DETALLE DE LOS RESULTADOS DEL INCAU<\/h5>\n<ul>\n<li>\n<h5><a href=\"https:\/\/webantigua.transparencia.org.es\/INCAU_2012\/Ranking_Transparencia_Global_INCAU_2012.pdf\">RANKING DE TRANSPARENCIA GLOBAL<\/a><\/h5>\n<\/li>\n<li>\n<h5><a href=\"https:\/\/webantigua.transparencia.org.es\/INCAU_2012\/Ranking_de_las_seis_%C3%A1reas_2012.pdf\">RANKINGS DE LAS SEIS \u00c1REAS DE TRANSPARENCIA<\/a><\/h5>\n<\/li>\n<li>\n<h5><a href=\"https:\/\/webantigua.transparencia.org.es\/INCAU_2012\/Puntuaciones_medias_de_las_seis_%C3%A1reas_2012%202.pdf\">PUNTUACIONES MEDIAS EN LAS SEIS \u00c1REAS DE TRANSPARENCIA<\/a><\/h5>\n<\/li>\n<li>\n<h5><a href=\"https:\/\/webantigua.transparencia.org.es\/INCAU_2012\/Puntuaci%C3%B3n_de_cada_CC.AA._en_seis_areas.htm\">PUNTUACIONES DE CADA COMUNIDAD AUT\u00d3NOMA EN LAS SEIS \u00c1REAS DE TRANSPARENCIA<\/a><\/h5>\n<\/li>\n<li>\n<h5><a href=\"https:\/\/webantigua.transparencia.org.es\/INCAU_2012\/Segmentaci%C3%B3n_CC.AA._por_grupos_tama%C3%B1o_2012.pdf\">SEGMENTACI\u00d3N DE LAS COMUNIDADES AUT\u00d3NOMAS POR GRUPOS DE TAMA\u00d1O<\/a><\/h5>\n<\/li>\n<\/ul>\n<p>&nbsp;<\/p>\n<ul>\n<li>\n<h5><a href=\"https:\/\/webantigua.transparencia.org.es\/INCAU_2012\/Comparaci%C3%B3n_puntuaciones_INCAU_2010_2012_.pdf\">COMPARACI\u00d3N PUNTUACIONES INCAU 2010 y 2012<\/a><\/h5>\n<\/li>\n<li>\n<h5><a href=\"https:\/\/webantigua.transparencia.org.es\/INCAU_2012\/17_CC.AA._evaluadas.pdf\">LAS 17 COMUNIDADES AUT\u00d3NOMAS EVALUADAS<\/a><\/h5>\n<\/li>\n<li>\n<h5><a href=\"https:\/\/webantigua.transparencia.org.es\/INCAU_2012\/Mapa_resultados_INCAU_2012.htm\">MAPA DE RESULTADOS DEL INCAU 2012<\/a><\/h5>\n<\/li>\n<li>\n<h5><a href=\"https:\/\/webantigua.transparencia.org.es\/INCAU_2012\/Proceso_general_implantaci%C3%B3n_INCAU_2012.pdf\">PROCESO GENERAL DE IMPLANTACI\u00d3N DEL INCAU 2012<\/a><\/h5>\n<\/li>\n<li>\n<h5><a href=\"https:\/\/webantigua.transparencia.org.es\/INCAU_2012\/Metodolog%C3%ADa_utilizada_en_el_INCAU_2012.pdf\">METODOLOG\u00cdA UTILIZADA EN EL INCAU<\/a><\/h5>\n<\/li>\n<li>\n<h5><a href=\"https:\/\/webantigua.transparencia.org.es\/INCAU_2012\/Cuadro_general_%C3%A1reas_e_indicadores_INCAU_2012.pdf\">CUADRO GENERAL DE \u00c1REAS E INDICADORES DE TRANSPARENCIA<\/a><\/h5>\n<\/li>\n<li>\n<h5><a href=\"https:\/\/webantigua.transparencia.org.es\/INCAU_2012\/Fotos_presentaci%C3%B3n_INCAU_2012.htm\">FOTOS DEL ACTO DE PRESENTACI\u00d3N DEL INCAU 2012<\/a><\/h5>\n<\/li>\n<\/ul>\n<p>&nbsp;<\/p>\n","protected":false},"excerpt":{"rendered":"<p>\u00cdNDICE DE TRANSPARENCIA DE LAS COMUNIDADES AUT\u00d3NOMAS (INCAU) 2012: OBJETIVOS Y CARACTER\u00cdSTICAS B\u00c1SICAS RESULTADOS DEL INCAU: ASPECTOS M\u00c1S DESTACADOS &nbsp; DETALLE DE LOS RESULTADOS DEL INCAU RANKING DE TRANSPARENCIA GLOBAL RANKINGS DE LAS SEIS \u00c1REAS DE TRANSPARENCIA PUNTUACIONES MEDIAS EN LAS SEIS \u00c1REAS DE TRANSPARENCIA PUNTUACIONES DE CADA COMUNIDAD AUT\u00d3NOMA EN LAS SEIS \u00c1REAS DE [&hellip;]<\/p>\n","protected":false},"author":5,"featured_media":0,"parent":0,"menu_order":0,"comment_status":"open","ping_status":"closed","template":"","meta":[],"_links":{"self":[{"href":"https:\/\/transparencia.org.es\/en\/wp-json\/wp\/v2\/pages\/153"}],"collection":[{"href":"https:\/\/transparencia.org.es\/en\/wp-json\/wp\/v2\/pages"}],"about":[{"href":"https:\/\/transparencia.org.es\/en\/wp-json\/wp\/v2\/types\/page"}],"author":[{"embeddable":true,"href":"https:\/\/transparencia.org.es\/en\/wp-json\/wp\/v2\/users\/5"}],"replies":[{"embeddable":true,"href":"https:\/\/transparencia.org.es\/en\/wp-json\/wp\/v2\/comments?post=153"}],"version-history":[{"count":9,"href":"https:\/\/transparencia.org.es\/en\/wp-json\/wp\/v2\/pages\/153\/revisions"}],"predecessor-version":[{"id":1225,"href":"https:\/\/transparencia.org.es\/en\/wp-json\/wp\/v2\/pages\/153\/revisions\/1225"}],"wp:attachment":[{"href":"https:\/\/transparencia.org.es\/en\/wp-json\/wp\/v2\/media?parent=153"}],"curies":[{"name":"wp","href":"https:\/\/api.w.org\/{rel}","templated":true}]}}