{"id":163,"date":"2014-10-04T09:38:44","date_gmt":"2014-10-04T09:38:44","guid":{"rendered":"https:\/\/transparencia.org.es\/en\/?page_id=163"},"modified":"2014-10-31T11:33:39","modified_gmt":"2014-10-31T10:33:39","slug":"indip-2012","status":"publish","type":"page","link":"https:\/\/transparencia.org.es\/en\/indip-2012\/","title":{"rendered":"INDIP 2012"},"content":{"rendered":"<ul>\n<li>\n<h5><a href=\"https:\/\/webantigua.transparencia.org.es\/INDIP\/Objetivos_y_caracter%C3%ADsticas_b%C3%A1sicas.pdf\">\u00cdNDICE DE TRANSPARENCIA DE LAS DIPUTACIONES (INDIP) 2012: OBJETIVOS Y CARACTER\u00cdSTICAS B\u00c1SICAS<\/a><\/h5>\n<\/li>\n<li>\n<h5><a href=\"https:\/\/webantigua.transparencia.org.es\/INDIP\/Resultados_del_INDIP_aspectos_m%C3%A1s_destacados.pdf\">RESULTADOS DEL INDIP: ASPECTOS M\u00c1S DESTACADOS<\/a><\/h5>\n<\/li>\n<\/ul>\n<p>&nbsp;<\/p>\n<h5>DETALLE DE LOS RESULTADOS DEL INDIP<\/h5>\n<ul>\n<li>\n<h5><a href=\"https:\/\/webantigua.transparencia.org.es\/INDIP\/Ranking_de_transparencia_global.pdf\">RANKING DE TRANSPARENCIA GLOBAL<\/a><\/h5>\n<\/li>\n<li>\n<h5><a href=\"https:\/\/webantigua.transparencia.org.es\/INDIP\/Ranking_de_las_cinco_%C3%A1reas_de_transparencia.pdf\">RANKINGS DE LAS CINCO \u00c1REAS DE TRANSPARENCIA<\/a><\/h5>\n<\/li>\n<li>\n<h5><a href=\"https:\/\/webantigua.transparencia.org.es\/INDIP\/Puntuaciones_medias_de_las_cinco_%C3%A1reas.pdf\">PUNTUACIONES MEDIAS EN LAS CINCO \u00c1REAS DE TRANSPARENCIA<\/a><\/h5>\n<\/li>\n<li>\n<h5><a href=\"https:\/\/webantigua.transparencia.org.es\/INDIP\/Indice__de__transparencia__de__las_45_Diputaciones.htm\">PUNTUACIONES DE CADA DIPUTACI\u00d3N EN LAS CINCO \u00c1REAS DE TRANSPARENCIA<\/a><\/h5>\n<\/li>\n<li>\n<h5><a href=\"https:\/\/webantigua.transparencia.org.es\/INDIP\/Segmentaci%C3%B3n_Diputaciones_por_CC.AA_y_tama%C3%B1o.pdf\">SEGMENTACI\u00d3N DE LAS DIPUTACIONES POR:<br \/>\n<\/a>A) Comunidades Aut\u00f3nomas<br \/>\nB) Grupos de tama\u00f1o<\/h5>\n<\/li>\n<\/ul>\n<p>&nbsp;<\/p>\n<ul>\n<li>\n<h5><a href=\"https:\/\/webantigua.transparencia.org.es\/INDIP\/Mapa%20INDIP%202012.pdf\">MAPA DE RESULTADOS DEL INDIP<\/a><\/h5>\n<\/li>\n<li>\n<h5><a href=\"https:\/\/webantigua.transparencia.org.es\/INDIP\/Proceso_general_de_implantaci%C3%B3n.pdf\">PROCESO GENERAL DE IMPLANTACI\u00d3N DEL INDIP<\/a><\/h5>\n<\/li>\n<li>\n<h5><a href=\"https:\/\/webantigua.transparencia.org.es\/INDIP\/Metodolog%C3%ADa_utilizada.pdf\">METODOLOG\u00cdA UTILIZADA EN EL INDIP<\/a><\/h5>\n<\/li>\n<li>\n<h5><a href=\"https:\/\/webantigua.transparencia.org.es\/INDIP\/Cuadro_General_de_Indicadores_INDIP.pdf\">CUADRO GENERAL DE \u00c1REAS E INDICADORES DE TRANSPARENCIA<\/a><\/h5>\n<\/li>\n<li>\n<h5><a href=\"https:\/\/webantigua.transparencia.org.es\/INDIP\/Las_45_Diputaciones_evaluadas.pdf\">LAS 45 DIPUTACIONES EVALUADAS<\/a><\/h5>\n<\/li>\n<li>\n<h5><a href=\"https:\/\/webantigua.transparencia.org.es\/GALERIA%20DE%20FOTOS\/INDIP%202012\/Fotos_Presentaci%C3%B3n_INDIP_2012.htm\">FOTOS DEL ACTO DE PRESENTACI\u00d3N DEL INDIP<\/a><\/h5>\n<\/li>\n<\/ul>\n<p>&nbsp;<\/p>\n","protected":false},"excerpt":{"rendered":"<p>\u00cdNDICE DE TRANSPARENCIA DE LAS DIPUTACIONES (INDIP) 2012: OBJETIVOS Y CARACTER\u00cdSTICAS B\u00c1SICAS RESULTADOS DEL INDIP: ASPECTOS M\u00c1S DESTACADOS &nbsp; DETALLE DE LOS RESULTADOS DEL INDIP RANKING DE TRANSPARENCIA GLOBAL RANKINGS DE LAS CINCO \u00c1REAS DE TRANSPARENCIA PUNTUACIONES MEDIAS EN LAS CINCO \u00c1REAS DE TRANSPARENCIA PUNTUACIONES DE CADA DIPUTACI\u00d3N EN LAS CINCO \u00c1REAS DE TRANSPARENCIA SEGMENTACI\u00d3N [&hellip;]<\/p>\n","protected":false},"author":5,"featured_media":0,"parent":0,"menu_order":0,"comment_status":"open","ping_status":"open","template":"","meta":[],"_links":{"self":[{"href":"https:\/\/transparencia.org.es\/en\/wp-json\/wp\/v2\/pages\/163"}],"collection":[{"href":"https:\/\/transparencia.org.es\/en\/wp-json\/wp\/v2\/pages"}],"about":[{"href":"https:\/\/transparencia.org.es\/en\/wp-json\/wp\/v2\/types\/page"}],"author":[{"embeddable":true,"href":"https:\/\/transparencia.org.es\/en\/wp-json\/wp\/v2\/users\/5"}],"replies":[{"embeddable":true,"href":"https:\/\/transparencia.org.es\/en\/wp-json\/wp\/v2\/comments?post=163"}],"version-history":[{"count":5,"href":"https:\/\/transparencia.org.es\/en\/wp-json\/wp\/v2\/pages\/163\/revisions"}],"predecessor-version":[{"id":1228,"href":"https:\/\/transparencia.org.es\/en\/wp-json\/wp\/v2\/pages\/163\/revisions\/1228"}],"wp:attachment":[{"href":"https:\/\/transparencia.org.es\/en\/wp-json\/wp\/v2\/media?parent=163"}],"curies":[{"name":"wp","href":"https:\/\/api.w.org\/{rel}","templated":true}]}}