{"id":172,"date":"2014-10-04T09:41:32","date_gmt":"2014-10-04T09:41:32","guid":{"rendered":"https:\/\/transparencia.org.es\/en\/?page_id=172"},"modified":"2014-10-31T11:35:59","modified_gmt":"2014-10-31T10:35:59","slug":"intrag-2011","status":"publish","type":"page","link":"https:\/\/transparencia.org.es\/en\/intrag-2011\/","title":{"rendered":"INTRAG 2011"},"content":{"rendered":"<ul>\n<li>\n<h5><a href=\"https:\/\/webantigua.transparencia.org.es\/intrag\/INTRAG_2011\/OBJETIVOS%20Y%20CONTENIDO%20BASICO%20DEL%20INTRAG%202011.htm\">\u00cdNDICE DE TRANSPARENCIA EN LA GESTI\u00d3N DEL AGUA (INTRAG) 2011: OBJETIVOS Y CARACTER\u00cdSTICAS B\u00c1SICAS<\/a><\/h5>\n<\/li>\n<li>\n<h5><a href=\"https:\/\/webantigua.transparencia.org.es\/intrag\/INTRAG_2011\/RESULTADOS_DEL_INTRAG_2011_ASPECTOS_MAS_DESTACADOS.pdf\">RESULTADOS DEL INTRAG 2011: ASPECTOS M\u00c1S DESTACADOS<\/a><\/h5>\n<\/li>\n<\/ul>\n<p>&nbsp;<\/p>\n<h5>DETALLE DE LOS RESULTADOS DEL INTRAG 2011<\/h5>\n<ul>\n<li>\n<h5><a href=\"https:\/\/webantigua.transparencia.org.es\/intrag\/INTRAG_2011\/RANKING_DE_TRANSPARENCIA_GLOBAL_2011.pdf\">RANKING DE TRANSPARENCIA GLOBAL<\/a><\/h5>\n<\/li>\n<li>\n<h5><a href=\"https:\/\/webantigua.transparencia.org.es\/intrag\/INTRAG_2011\/RANKING_DE_%20LAS_SEIS_AREAS_2011.pdf\">RANKINGS DE LAS SEIS \u00c1REAS DE TRANSPARENCIA<\/a><\/h5>\n<\/li>\n<li>\n<h5><a href=\"https:\/\/webantigua.transparencia.org.es\/intrag\/INTRAG_2011\/PUNTUACIONES_MEDIAS_EN_LAS_SEIS_AREAS_2011.pdf\">PUNTUACIONES MEDIAS EN LAS SEIS \u00c1REAS DE TRANSPARENCIA<\/a><\/h5>\n<\/li>\n<li>\n<h5><a href=\"https:\/\/webantigua.transparencia.org.es\/intrag\/INTRAG_2011\/PUNTUACIONES%20DE%20CADA%20ORGANISMO%20DE%20LAS%20SEIS%20%C3%81REAS\/Indice_puntuaciones_de_cada_organismo_de_agua_2011.htm\">PUNTUACIONES DE CADA ORGANISMO DE CUENCA EN LAS SEIS \u00c1REAS DE TRANSPARENCIA<\/a><\/h5>\n<\/li>\n<\/ul>\n<p>&nbsp;<\/p>\n<ul>\n<li>\n<h5><a href=\"https:\/\/webantigua.transparencia.org.es\/intrag\/INTRAG_2011\/COMPARACION_PUNTUACIONES_INTRAG_2010-2011.pdf\">COMPARACI\u00d3N PUNTUACIONES INTRAG 2010 Y 2011<\/a><\/h5>\n<\/li>\n<li>\n<h5><a href=\"https:\/\/webantigua.transparencia.org.es\/intrag\/INTRAG_2011\/PROCESO_GENERAL_DE_IMPLANTACI%C3%93N_INTRAG_2011.pdf\">PROCESO GENERAL DE IMPLANTACI\u00d3N DEL INTRAG<\/a><\/h5>\n<\/li>\n<li>\n<h5><a href=\"https:\/\/webantigua.transparencia.org.es\/intrag\/INTRAG_2011\/METODOLOGIA_UTLIZADA_EN_EL_INTRAG_2011.pdf\">METODOLOG\u00cdA UTILIZADA EN EL INTRAG<\/a><\/h5>\n<\/li>\n<li>\n<h5><a href=\"https:\/\/webantigua.transparencia.org.es\/intrag\/INTRAG_2011\/CUADRO_GENERAL_DE_AREAS_TRANSPARENCIA_E_INDICADORES_Y_EQUIPO_TECNICO_2011.pdf\">CUADRO GENERAL DE \u00c1REAS DE TRANSPARENCIA E INDICADORES (y Equipo T\u00e9cnico)<\/a><\/h5>\n<\/li>\n<li>\n<h5><a href=\"https:\/\/webantigua.transparencia.org.es\/intrag\/INTRAG_2011\/ORGANISMOS_DE_CUENCA_EVALUADOS_2011.pdf\">LOS ORGANISMOS DE CUENCA EVALUADOS<\/a><\/h5>\n<\/li>\n<li>\n<h5><a href=\"https:\/\/webantigua.transparencia.org.es\/intrag\/INTRAG_2011\/GLOSARIO_DE_T%C3%89RMINOS_INTRAG_2011.pdf\">GLOSARIO DE T\u00c9RMINOS DEL INTRAG<\/a><\/h5>\n<\/li>\n<li>\n<h5><a href=\"https:\/\/webantigua.transparencia.org.es\/GALERIA%20DE%20FOTOS\/INTRAG_2011\/Fotos_Presentaci%C3%B3n_INTRAG_2011.htm\">FOTOS DEL ACTO DE PRESENTACI\u00d3N DEL INTRAG<\/a><\/h5>\n<\/li>\n<\/ul>\n<p>&nbsp;<\/p>\n","protected":false},"excerpt":{"rendered":"<p>\u00cdNDICE DE TRANSPARENCIA EN LA GESTI\u00d3N DEL AGUA (INTRAG) 2011: OBJETIVOS Y CARACTER\u00cdSTICAS B\u00c1SICAS RESULTADOS DEL INTRAG 2011: ASPECTOS M\u00c1S DESTACADOS &nbsp; DETALLE DE LOS RESULTADOS DEL INTRAG 2011 RANKING DE TRANSPARENCIA GLOBAL RANKINGS DE LAS SEIS \u00c1REAS DE TRANSPARENCIA PUNTUACIONES MEDIAS EN LAS SEIS \u00c1REAS DE TRANSPARENCIA PUNTUACIONES DE CADA ORGANISMO DE CUENCA EN [&hellip;]<\/p>\n","protected":false},"author":5,"featured_media":0,"parent":0,"menu_order":0,"comment_status":"open","ping_status":"open","template":"","meta":[],"_links":{"self":[{"href":"https:\/\/transparencia.org.es\/en\/wp-json\/wp\/v2\/pages\/172"}],"collection":[{"href":"https:\/\/transparencia.org.es\/en\/wp-json\/wp\/v2\/pages"}],"about":[{"href":"https:\/\/transparencia.org.es\/en\/wp-json\/wp\/v2\/types\/page"}],"author":[{"embeddable":true,"href":"https:\/\/transparencia.org.es\/en\/wp-json\/wp\/v2\/users\/5"}],"replies":[{"embeddable":true,"href":"https:\/\/transparencia.org.es\/en\/wp-json\/wp\/v2\/comments?post=172"}],"version-history":[{"count":6,"href":"https:\/\/transparencia.org.es\/en\/wp-json\/wp\/v2\/pages\/172\/revisions"}],"predecessor-version":[{"id":1230,"href":"https:\/\/transparencia.org.es\/en\/wp-json\/wp\/v2\/pages\/172\/revisions\/1230"}],"wp:attachment":[{"href":"https:\/\/transparencia.org.es\/en\/wp-json\/wp\/v2\/media?parent=172"}],"curies":[{"name":"wp","href":"https:\/\/api.w.org\/{rel}","templated":true}]}}