{"id":176,"date":"2014-10-04T09:42:48","date_gmt":"2014-10-04T07:42:48","guid":{"rendered":"https:\/\/transparencia.org.es\/en\/?page_id=176"},"modified":"2016-10-07T13:02:30","modified_gmt":"2016-10-07T11:02:30","slug":"index-of-parlaments-ipar","status":"publish","type":"page","link":"https:\/\/transparencia.org.es\/en\/index-of-parlaments-ipar\/","title":{"rendered":"Index of Parlaments (IPAR) 2014"},"content":{"rendered":"<ul>\n<li>\n<h5><a href=\"https:\/\/webantigua.transparencia.org.es\/IPAR\/Objetivos_IPAR_2013.pdf\">INDEX OF TRANSPARENCY OF PARLAMENTS (IPAR):<\/a><a href=\"https:\/\/webantigua.transparencia.org.es\/IPAR\/Objetivos_IPAR_2013.pdf\"> OBJETIVOS Y CARACTER\u00cdSTICAS B\u00c1SICAS<\/a><\/h5>\n<\/li>\n<li>\n<h5><a href=\"https:\/\/webantigua.transparencia.org.es\/IPAR\/Resultados_IPAR.pdf\">RESULTADOS DEL IPAR: ASPECTOS M\u00c1S DESTACADOS<\/a><\/h5>\n<\/li>\n<\/ul>\n<p>&nbsp;<\/p>\n<h5>DETALLE DE LOS RESULTADOS DEL IPAR<\/h5>\n<ul>\n<li>\n<h5><a href=\"https:\/\/webantigua.transparencia.org.es\/IPAR\/Ranking_global_IPAR.pdf\">RANKING DE TRANSPARENCIA GLOBAL<\/a><\/h5>\n<\/li>\n<li>\n<h5><a href=\"https:\/\/webantigua.transparencia.org.es\/IPAR\/Puntuaciones_seis_areas_IPAR.pdf\">RANKINGS DE LAS SEIS \u00c1REAS DE TRANSPARENCIA<\/a><\/h5>\n<\/li>\n<li>\n<h5><a href=\"https:\/\/webantigua.transparencia.org.es\/IPAR\/Puntuaciones_medias_seis_%C3%A1reas_IPAR.pdf\">PUNTUACIONES MEDIAS EN LAS SEIS \u00c1REAS DE TRANSPARENCIA<\/a><\/h5>\n<\/li>\n<li>\n<h5><a href=\"https:\/\/webantigua.transparencia.org.es\/IPAR\/Indice_transparencia_19_Parlamentos.htm\">PUNTUACIONES DE CADA PARLAMENTO EN LAS SEIS \u00c1REAS DE TRANSPARENCIA<\/a><\/h5>\n<\/li>\n<\/ul>\n<p>&nbsp;<\/p>\n<ul>\n<li>\n<h5><a href=\"https:\/\/webantigua.transparencia.org.es\/IPAR\/19_Parlamentos_evaluadas.pdf\">LOS 19 PARLAMENTOS EVALUADOS<\/a><\/h5>\n<\/li>\n<li>\n<h5><a href=\"https:\/\/webantigua.transparencia.org.es\/IPAR\/Proceso_implantaci%C3%B3n_IPAR_2013.pdf\">PROCESO GENERAL DE IMPLANTACI\u00d3N DEL IPAR<\/a><\/h5>\n<\/li>\n<li>\n<h5><a href=\"https:\/\/webantigua.transparencia.org.es\/IPAR\/Metodolog%C3%ADa_IPAR_2013.pdf\">METODOLOG\u00cdA UTILIZADA EN EL IPAR<\/a><\/h5>\n<\/li>\n<li>\n<h5><a href=\"https:\/\/webantigua.transparencia.org.es\/IPAR\/Cuadro_indicadores_IPAR_2013.pdf\">CUADRO GENERAL DE \u00c1REAS E INDICADORES DE TRANSPARENCIA<\/a><\/h5>\n<\/li>\n<li>\n<h5><a href=\"https:\/\/transparencia.org.es\/fotos-del-acto-de-presentacion-del-ipar\/\">FOTOS DEL ACTO DE PRESENTACI\u00d3N DEL IPAR<\/a><\/h5>\n<\/li>\n<\/ul>\n<p>&nbsp;<\/p>\n","protected":false},"excerpt":{"rendered":"<p>INDEX OF TRANSPARENCY OF PARLAMENTS (IPAR): OBJETIVOS Y CARACTER\u00cdSTICAS B\u00c1SICAS RESULTADOS DEL IPAR: ASPECTOS M\u00c1S DESTACADOS &nbsp; DETALLE DE LOS RESULTADOS DEL IPAR RANKING DE TRANSPARENCIA GLOBAL RANKINGS DE LAS SEIS \u00c1REAS DE TRANSPARENCIA PUNTUACIONES MEDIAS EN LAS SEIS \u00c1REAS DE TRANSPARENCIA PUNTUACIONES DE CADA PARLAMENTO EN LAS SEIS \u00c1REAS DE TRANSPARENCIA &nbsp; LOS 19 [&hellip;]<\/p>\n","protected":false},"author":5,"featured_media":0,"parent":0,"menu_order":0,"comment_status":"open","ping_status":"closed","template":"","meta":[],"_links":{"self":[{"href":"https:\/\/transparencia.org.es\/en\/wp-json\/wp\/v2\/pages\/176"}],"collection":[{"href":"https:\/\/transparencia.org.es\/en\/wp-json\/wp\/v2\/pages"}],"about":[{"href":"https:\/\/transparencia.org.es\/en\/wp-json\/wp\/v2\/types\/page"}],"author":[{"embeddable":true,"href":"https:\/\/transparencia.org.es\/en\/wp-json\/wp\/v2\/users\/5"}],"replies":[{"embeddable":true,"href":"https:\/\/transparencia.org.es\/en\/wp-json\/wp\/v2\/comments?post=176"}],"version-history":[{"count":10,"href":"https:\/\/transparencia.org.es\/en\/wp-json\/wp\/v2\/pages\/176\/revisions"}],"predecessor-version":[{"id":2279,"href":"https:\/\/transparencia.org.es\/en\/wp-json\/wp\/v2\/pages\/176\/revisions\/2279"}],"wp:attachment":[{"href":"https:\/\/transparencia.org.es\/en\/wp-json\/wp\/v2\/media?parent=176"}],"curies":[{"name":"wp","href":"https:\/\/api.w.org\/{rel}","templated":true}]}}