{"id":27,"date":"2014-10-04T08:55:21","date_gmt":"2014-10-04T08:55:21","guid":{"rendered":"https:\/\/transparencia.org.es\/en\/?page_id=27"},"modified":"2014-10-14T13:05:25","modified_gmt":"2014-10-14T11:05:25","slug":"ipc-2013","status":"publish","type":"page","link":"https:\/\/transparencia.org.es\/en\/ipc-2013\/","title":{"rendered":"IPC 2013"},"content":{"rendered":"<ul>\n<li>\n<h5><strong><a href=\"https:\/\/webantigua.transparencia.org.es\/IPC%C2%B4s\/IPC_2013\/Nota_de_Prensa_IPC_2013.pdf\">ASPECTOS\u00a0 M\u00c1S\u00a0 DESTACADOS\u00a0 DEL \u00cdNDICE<\/a><\/strong><\/h5>\n<\/li>\n<li>\n<h5><strong><a href=\"https:\/\/webantigua.transparencia.org.es\/IPC%C2%B4s\/IPC_2013\/IPC_2013_GLOBAL.pdf\">TABLA\u00a0 SINT\u00c9TICA\u00a0 DE\u00a0 RESULTADOS<\/a><\/strong><\/h5>\n<\/li>\n<li>\n<h5><strong><a href=\"https:\/\/webantigua.transparencia.org.es\/IPC%C2%B4s\/IPC_2013\/Comparativas_IPC_%202013-2012.pdf\">COMPARACI\u00d3N IPC 2013 Y 2012<\/a><\/strong><\/h5>\n<\/li>\n<li>\n<h5><strong><a href=\"https:\/\/webantigua.transparencia.org.es\/IPC%C2%B4s\/IPC_2013\/Nota_tecnica_metodologia_IPC_2013.pdf\">METODOLOG\u00cdA\u00a0 UTILIZADA<\/a><\/strong><\/h5>\n<\/li>\n<li>\n<h5><strong><a href=\"https:\/\/webantigua.transparencia.org.es\/IPC%C2%B4s\/IPC_2013\/Preguntas_frecuentes_IPC_2013.pdf\">PREGUNTAS\u00a0 M\u00c1S\u00a0 FRECUENTES<\/a><\/strong><\/h5>\n<\/li>\n<li>\n<h5><strong><a href=\"https:\/\/webantigua.transparencia.org.es\/IPC%C2%B4s\/IPC_2013\/An%C3%A1lisis_por_regiones.htm\">AN\u00c1LISIS POR REGIONES DEL MUNDO<\/a><\/strong><\/h5>\n<\/li>\n<li>\n<h5><strong><a href=\"https:\/\/webantigua.transparencia.org.es\/IPC%C2%B4s\/IPC_2013\/Mapa_IPC_2013.pdf\">MAPA\u00a0 MUNDIAL\u00a0 DE\u00a0 LA\u00a0 CORRUPCI\u00d3N (seg\u00fan IPC 2013)<\/a><\/strong><\/h5>\n<\/li>\n<li>\n<h5><strong><a href=\"https:\/\/webantigua.transparencia.org.es\/IPC%C2%B4s\/IPC_2013\/Descripci%C3%B3n_fuentes_IPC_2013.pdf\">FUENTES DE DATOS DEL IPC 2013<\/a><\/strong><\/h5>\n<\/li>\n<li>\n<h5><strong><a href=\"https:\/\/webantigua.transparencia.org.es\/IPC%C2%B4s\/IPC_2013\/Fotos_IPC_2013.htm\">FOTOS DE LA PRESENTACI\u00d3N DEL IPC 2013<\/a><\/strong><\/h5>\n<\/li>\n<\/ul>\n<p>&nbsp;<\/p>\n","protected":false},"excerpt":{"rendered":"<p>ASPECTOS\u00a0 M\u00c1S\u00a0 DESTACADOS\u00a0 DEL \u00cdNDICE TABLA\u00a0 SINT\u00c9TICA\u00a0 DE\u00a0 RESULTADOS COMPARACI\u00d3N IPC 2013 Y 2012 METODOLOG\u00cdA\u00a0 UTILIZADA PREGUNTAS\u00a0 M\u00c1S\u00a0 FRECUENTES AN\u00c1LISIS POR REGIONES DEL MUNDO MAPA\u00a0 MUNDIAL\u00a0 DE\u00a0 LA\u00a0 CORRUPCI\u00d3N (seg\u00fan IPC 2013) FUENTES DE DATOS DEL IPC 2013 FOTOS DE LA PRESENTACI\u00d3N DEL IPC 2013 &nbsp;<\/p>\n","protected":false},"author":5,"featured_media":0,"parent":0,"menu_order":0,"comment_status":"open","ping_status":"open","template":"","meta":[],"_links":{"self":[{"href":"https:\/\/transparencia.org.es\/en\/wp-json\/wp\/v2\/pages\/27"}],"collection":[{"href":"https:\/\/transparencia.org.es\/en\/wp-json\/wp\/v2\/pages"}],"about":[{"href":"https:\/\/transparencia.org.es\/en\/wp-json\/wp\/v2\/types\/page"}],"author":[{"embeddable":true,"href":"https:\/\/transparencia.org.es\/en\/wp-json\/wp\/v2\/users\/5"}],"replies":[{"embeddable":true,"href":"https:\/\/transparencia.org.es\/en\/wp-json\/wp\/v2\/comments?post=27"}],"version-history":[{"count":10,"href":"https:\/\/transparencia.org.es\/en\/wp-json\/wp\/v2\/pages\/27\/revisions"}],"predecessor-version":[{"id":831,"href":"https:\/\/transparencia.org.es\/en\/wp-json\/wp\/v2\/pages\/27\/revisions\/831"}],"wp:attachment":[{"href":"https:\/\/transparencia.org.es\/en\/wp-json\/wp\/v2\/media?parent=27"}],"curies":[{"name":"wp","href":"https:\/\/api.w.org\/{rel}","templated":true}]}}