{"id":307,"date":"2014-10-05T09:12:00","date_gmt":"2014-10-05T07:12:00","guid":{"rendered":"https:\/\/transparencia.org.es\/en\/?page_id=307"},"modified":"2016-02-19T13:51:49","modified_gmt":"2016-02-19T12:51:49","slug":"seminars-against-corruption","status":"publish","type":"page","link":"https:\/\/transparencia.org.es\/en\/seminars-against-corruption\/","title":{"rendered":"Seminars against Corruption"},"content":{"rendered":"<p><span style=\"color: #000000;\">Transparency International Spain has organized recently three <strong>SEMINARS-DEBATES AGAINST CORRUPTION<\/strong>, which have addressed issues related to the phenomenon of corruption in order to propose concrete and effective measures to combat this important social problem. In these seminars have involved a total of eighteen speakers, having attended more than two hundred fifty people. In the first of the seminars, held on May 7, have been addressed: <strong>REFORM OF POLITICAL PARTIES AND THE ELECTORAL SYSTEM. <\/strong>In the second seminar, held on May 22, has addressed the issue of <strong>CRIMINAL INVESTIGATION AND PREVENTION OF CORRUPTION<\/strong>, and the third seminar, held on June 4, has addressed: <strong>CONTROL SYSTEMS (INTERNAL AND EXTERNAL) OF CORRUPTION.<\/strong><\/span><\/p>\n<p><span style=\"color: #000000;\">To access more detailed information and the conclusions of these three Seminars:<\/span><\/p>\n<ul>\n<li>\n<h5><a href=\"https:\/\/transparencia.org.es\/1o-seminario-las-reformas-de-los-partidos-politicos-y-el-sistema-electoral-7-mayo-2013-2\/\">1\u00ba SEMINARIO: LAS REFORMAS DE LOS PARTIDOS POL\u00cdTICOS Y EL SISTEMA ELECTORAL<\/a><a href=\"https:\/\/webantigua.transparencia.org.es\/Seminarios-debates\/1%C2%BA_Seminario-debate.htm\"><br \/>\n<\/a>(7-Mayo-2013)<\/h5>\n<\/li>\n<li>\n<h5><a href=\"https:\/\/transparencia.org.es\/2o-seminario-la-investigacion-penal-y-la-prevencion-de-la-corrupcion-22-mayo-2013\/\">2\u00ba SEMINARIO: INVESTIGACI\u00d3N PENAL Y PREVENCI\u00d3N DE LA CORRUPCI\u00d3N<\/a><a href=\"https:\/\/webantigua.transparencia.org.es\/Seminarios-debates\/2%C2%BA_Seminario-debate.htm\"><br \/>\n<\/a>(22-Mayo-2013)<\/h5>\n<\/li>\n<li>\n<h5><a href=\"https:\/\/transparencia.org.es\/3o-seminario-los-sistemas-de-control-internos-y-externos-de-la-corrupcion-4-junio-2013\/\">3\u00ba SEMINARIO: LOS SISTEMAS DE CONTROL (INTERNO Y EXTERNO) DE LA CORRUPCI\u00d3N<\/a><a href=\"https:\/\/webantigua.transparencia.org.es\/Seminarios-debates\/3%C2%BA_Seminario-debate.htm\"><br \/>\n<\/a>(4-Junio-2013)<\/h5>\n<\/li>\n<\/ul>\n<p>&nbsp;<\/p>\n","protected":false},"excerpt":{"rendered":"<p>Transparency International Spain has organized recently three SEMINARS-DEBATES AGAINST CORRUPTION, which have addressed issues related to the phenomenon of corruption in order to propose concrete and effective measures to combat this important social problem. In these seminars have involved a total of eighteen speakers, having attended more than two hundred fifty people. In the first [&hellip;]<\/p>\n","protected":false},"author":5,"featured_media":0,"parent":0,"menu_order":0,"comment_status":"open","ping_status":"closed","template":"","meta":[],"_links":{"self":[{"href":"https:\/\/transparencia.org.es\/en\/wp-json\/wp\/v2\/pages\/307"}],"collection":[{"href":"https:\/\/transparencia.org.es\/en\/wp-json\/wp\/v2\/pages"}],"about":[{"href":"https:\/\/transparencia.org.es\/en\/wp-json\/wp\/v2\/types\/page"}],"author":[{"embeddable":true,"href":"https:\/\/transparencia.org.es\/en\/wp-json\/wp\/v2\/users\/5"}],"replies":[{"embeddable":true,"href":"https:\/\/transparencia.org.es\/en\/wp-json\/wp\/v2\/comments?post=307"}],"version-history":[{"count":10,"href":"https:\/\/transparencia.org.es\/en\/wp-json\/wp\/v2\/pages\/307\/revisions"}],"predecessor-version":[{"id":2080,"href":"https:\/\/transparencia.org.es\/en\/wp-json\/wp\/v2\/pages\/307\/revisions\/2080"}],"wp:attachment":[{"href":"https:\/\/transparencia.org.es\/en\/wp-json\/wp\/v2\/media?parent=307"}],"curies":[{"name":"wp","href":"https:\/\/api.w.org\/{rel}","templated":true}]}}