{"id":310,"date":"2014-10-05T09:12:55","date_gmt":"2014-10-05T07:12:55","guid":{"rendered":"https:\/\/transparencia.org.es\/en\/?page_id=310"},"modified":"2016-01-15T12:50:28","modified_gmt":"2016-01-15T11:50:28","slug":"principles-of-transparency-in-business","status":"publish","type":"page","link":"https:\/\/transparencia.org.es\/en\/principles-of-transparency-in-business\/","title":{"rendered":"Principles of Transparency in  Business"},"content":{"rendered":"<p><span style=\"color: #000000;\">On April 11 (2012) took place the presentation of the principles of transparency and corruption prevention for Business (prepared by Transparency International Spain), which are a set of principles and guidelines for action in reinforcing the openness of information of companies of any type, size and sector, and reduce their risks of corruption, both internally and externally thereof. In the Presentation ceremony participated: Silvina Bacigalupo, Jes\u00fas S\u00e1nchez Lambas, Manuel Villoria, and Jes\u00fas Lizcano.<\/span><\/p>\n<p><span style=\"color: #000000;\">In the Act has also made reference to other IT-Spain activities, such as Transparency Index Councils (INDIP), and the TI-Spain Proposals in relation to the DraftLaw on Transparency, Access to Information and Good Governance.<\/span><\/p>\n<p><span style=\"color: #000000;\">To access the text of the Principles:<\/span> <span style=\"color: #000080;\"><a href=\"https:\/\/transparencia.org.es\/principios-de-transparencia-para-empresas\/\"><strong><span style=\"text-decoration: underline;\">Principles for Business<\/span><\/strong><\/a>.<\/span><\/p>\n<p>&nbsp;<\/p>\n","protected":false},"excerpt":{"rendered":"<p>On April 11 (2012) took place the presentation of the principles of transparency and corruption prevention for Business (prepared by Transparency International Spain), which are a set of principles and guidelines for action in reinforcing the openness of information of companies of any type, size and sector, and reduce their risks of corruption, both internally [&hellip;]<\/p>\n","protected":false},"author":5,"featured_media":0,"parent":0,"menu_order":0,"comment_status":"open","ping_status":"closed","template":"","meta":[],"_links":{"self":[{"href":"https:\/\/transparencia.org.es\/en\/wp-json\/wp\/v2\/pages\/310"}],"collection":[{"href":"https:\/\/transparencia.org.es\/en\/wp-json\/wp\/v2\/pages"}],"about":[{"href":"https:\/\/transparencia.org.es\/en\/wp-json\/wp\/v2\/types\/page"}],"author":[{"embeddable":true,"href":"https:\/\/transparencia.org.es\/en\/wp-json\/wp\/v2\/users\/5"}],"replies":[{"embeddable":true,"href":"https:\/\/transparencia.org.es\/en\/wp-json\/wp\/v2\/comments?post=310"}],"version-history":[{"count":9,"href":"https:\/\/transparencia.org.es\/en\/wp-json\/wp\/v2\/pages\/310\/revisions"}],"predecessor-version":[{"id":1951,"href":"https:\/\/transparencia.org.es\/en\/wp-json\/wp\/v2\/pages\/310\/revisions\/1951"}],"wp:attachment":[{"href":"https:\/\/transparencia.org.es\/en\/wp-json\/wp\/v2\/media?parent=310"}],"curies":[{"name":"wp","href":"https:\/\/api.w.org\/{rel}","templated":true}]}}