{"id":328,"date":"2014-10-05T09:19:44","date_gmt":"2014-10-05T07:19:44","guid":{"rendered":"https:\/\/transparencia.org.es\/en\/?page_id=328"},"modified":"2016-01-15T12:31:09","modified_gmt":"2016-01-15T11:31:09","slug":"interesting-links","status":"publish","type":"page","link":"https:\/\/transparencia.org.es\/en\/interesting-links\/","title":{"rendered":"Interesting links"},"content":{"rendered":"<ul>\n<li>\n<h5><span style=\"text-decoration: underline;\"><span style=\"color: #000080;\"><a style=\"color: #000080; text-decoration: underline;\" href=\"https:\/\/www.integridad.org.es\/\">Proyecto INTEGRIDAD<\/a><\/span><\/span><\/h5>\n<\/li>\n<li>\n<h5><span style=\"text-decoration: underline;\"><a href=\"https:\/\/www.boe.es\/boe\/dias\/2013\/12\/10\/pdfs\/BOE-A-2013-12887.pdf\" target=\"_blank\">Ley de Transparencia, Acceso a la Informaci\u00f3n P\u00fablica y Buen Gobierno<\/a><\/span><\/h5>\n<\/li>\n<li>\n<h5><span style=\"text-decoration: underline;\"><span style=\"color: #000080; text-decoration: underline;\"><strong><a style=\"color: #000080; text-decoration: underline;\" href=\"https:\/\/transparencia.gob.es\/\">Portal de Transparencia P\u00fablica<\/a><\/strong><\/span><\/span><\/h5>\n<\/li>\n<li>\n<h5><span style=\"text-decoration: underline;\"><a href=\"https:\/\/www.rendiciondecuentas.es\/es\/index.html\" target=\"_blank\">Portal Rendici\u00f3n de Cuentas<\/a><\/span><\/h5>\n<\/li>\n<li>\n<h5><span style=\"text-decoration: underline;\"><a href=\"https:\/\/goo.gl\/gsJBGb.\" target=\"_blank\">Ordenanza tipo de Transparencia, de la Federaci\u00f3n Espa\u00f1ola de Municipios y Provincias (FEMP)<\/a><\/span><\/h5>\n<\/li>\n<li>\n<h5><span style=\"text-decoration: underline;\"><a href=\"https:\/\/www.proacceso.org\" target=\"_blank\">Coalici\u00f3n Pro Acceso<\/a><\/span><\/h5>\n<\/li>\n<li>\n<h5><span style=\"text-decoration: underline;\"><a href=\"https:\/\/www.ortegaygasset.es\" target=\"_blank\">Fundaci\u00f3n Ortega-Mara\u00f1\u00f3n<\/a><\/span><\/h5>\n<\/li>\n<li>\n<h5><span style=\"text-decoration: underline;\"><a href=\"https:\/\/www.abogacia.es\" target=\"_blank\">Consejo General de la Abogac\u00eda Espa\u00f1ola<\/a><\/span><\/h5>\n<\/li>\n<li>\n<h5><span style=\"text-decoration: underline;\"><a href=\"https:\/\/www.antifrau.cat\" target=\"_blank\">Oficina Antifraude de Catalu\u00f1a<\/a><\/span><\/h5>\n<\/li>\n<li>\n<h5><span style=\"text-decoration: underline;\"><a href=\"https:\/\/www.forosociedadcivil.org\" target=\"_blank\">Foro Sociedad Civil<\/a><\/span><\/h5>\n<\/li>\n<li>\n<h5><span style=\"text-decoration: underline;\"><a href=\"https:\/\/www.un.org\/es\/documents\/udhr\" target=\"_blank\">Declaraci\u00f3n Universal Derechos Humanos de la ONU<\/a><\/span><\/h5>\n<\/li>\n<li>\n<h5><span style=\"text-decoration: underline;\"><a href=\"https:\/\/www.apdhe.org\" target=\"_blank\">Asociaci\u00f3n Pro Derechos Humanos de Espa\u00f1a<\/a><\/span><\/h5>\n<\/li>\n<li>\n<h5><span style=\"text-decoration: underline;\"><a href=\"https:\/\/www.opensecrets.org\" target=\"_blank\">Open Secrets (Dinero y pol\u00edtica)<\/a><\/span><\/h5>\n<\/li>\n<li>\n<h5><span style=\"text-decoration: underline;\"><a href=\"https:\/\/www.elindultometro.es\/index.html\" target=\"_blank\">El indult\u00f3metro<\/a><\/span><\/h5>\n<\/li>\n<li>\n<h5><span style=\"text-decoration: underline;\"><a href=\"https:\/\/www.eudel.net\" target=\"_blank\">Red del Ayuntamientos Vascos por la Transparencia<\/a><\/span><\/h5>\n<\/li>\n<li>\n<h5><span style=\"text-decoration: underline;\"><a href=\"https:\/\/www.obcp.es\" target=\"_blank\">Observatorio de Contrataci\u00f3n p\u00fablica<\/a><\/span><\/h5>\n<\/li>\n<li>\n<h5><span style=\"color: #000080;\"><strong><span style=\"text-decoration: underline;\"><a style=\"color: #000080; text-decoration: underline;\" href=\"https:\/\/www.epolitic.org\/\">Los CV de los pol\u00edticos<\/a><\/span><\/strong><\/span><\/h5>\n<\/li>\n<li>\n<h5><span style=\"color: #000080;\"><strong><span style=\"text-decoration: underline;\"><a style=\"color: #000080; text-decoration: underline;\" href=\"https:\/\/www.sueldospublicos.com\/\">Sueldos p\u00fablicos<\/a><\/span><\/strong><\/span><\/h5>\n<\/li>\n<li>\n<h5><span style=\"text-decoration: underline;\"><strong><span style=\"color: #000080; text-decoration: underline;\"><a href=\"https:\/\/www.fundacionhayderecho.com\">Fundaci\u00f3n \u00bfHay Derecho?<\/a><\/span><\/strong><\/span><\/h5>\n<\/li>\n<\/ul>\n","protected":false},"excerpt":{"rendered":"<p>Proyecto INTEGRIDAD Ley de Transparencia, Acceso a la Informaci\u00f3n P\u00fablica y Buen Gobierno Portal de Transparencia P\u00fablica Portal Rendici\u00f3n de Cuentas Ordenanza tipo de Transparencia, de la Federaci\u00f3n Espa\u00f1ola de Municipios y Provincias (FEMP) Coalici\u00f3n Pro Acceso Fundaci\u00f3n Ortega-Mara\u00f1\u00f3n Consejo General de la Abogac\u00eda Espa\u00f1ola Oficina Antifraude de Catalu\u00f1a Foro Sociedad Civil Declaraci\u00f3n Universal Derechos [&hellip;]<\/p>\n","protected":false},"author":5,"featured_media":0,"parent":0,"menu_order":0,"comment_status":"open","ping_status":"closed","template":"","meta":[],"_links":{"self":[{"href":"https:\/\/transparencia.org.es\/en\/wp-json\/wp\/v2\/pages\/328"}],"collection":[{"href":"https:\/\/transparencia.org.es\/en\/wp-json\/wp\/v2\/pages"}],"about":[{"href":"https:\/\/transparencia.org.es\/en\/wp-json\/wp\/v2\/types\/page"}],"author":[{"embeddable":true,"href":"https:\/\/transparencia.org.es\/en\/wp-json\/wp\/v2\/users\/5"}],"replies":[{"embeddable":true,"href":"https:\/\/transparencia.org.es\/en\/wp-json\/wp\/v2\/comments?post=328"}],"version-history":[{"count":8,"href":"https:\/\/transparencia.org.es\/en\/wp-json\/wp\/v2\/pages\/328\/revisions"}],"predecessor-version":[{"id":1948,"href":"https:\/\/transparencia.org.es\/en\/wp-json\/wp\/v2\/pages\/328\/revisions\/1948"}],"wp:attachment":[{"href":"https:\/\/transparencia.org.es\/en\/wp-json\/wp\/v2\/media?parent=328"}],"curies":[{"name":"wp","href":"https:\/\/api.w.org\/{rel}","templated":true}]}}