{"id":342,"date":"2014-10-05T09:23:13","date_gmt":"2014-10-05T07:23:13","guid":{"rendered":"https:\/\/transparencia.org.es\/en\/?page_id=342"},"modified":"2014-10-15T06:48:49","modified_gmt":"2014-10-15T04:48:49","slug":"standards-and-internacional-agreements","status":"publish","type":"page","link":"https:\/\/transparencia.org.es\/en\/standards-and-internacional-agreements\/","title":{"rendered":"Standards and Internacional Agreements"},"content":{"rendered":"<ul>\n<li>\n<h5><a href=\"https:\/\/webantigua.transparencia.org.es\/CONVENCION_DE_LA_ONU\/INDICE_Convenio%20de%20la%20ONU.htm\">CONVENCI\u00d3N DE LA ONU CONTRA LA CORRUPCI\u00d3N (y Conferencias de Estados Parte de la Convenci\u00f3n)<\/a><\/h5>\n<\/li>\n<li>\n<h5><a href=\"https:\/\/webantigua.transparencia.org.es\/CONVENIO_OCDE\/INDICE%20Convenio%20de%20la%20ONU%20contra%20la%20corrupci%C3%B3n.htm\">CONVENIO OCDE CONTRA LA CORRUPCI\u00d3N<\/a><\/h5>\n<\/li>\n<li>\n<h5><a href=\"https:\/\/webantigua.transparencia.org.es\/TRATADOS%20DEL%20CONSEJO%20EUROPA\/INDICE%20TRATADOS%20DEL%20CONSEJO%20DE%20EUROPA.htm\">TRATADOS DEL CONSEJO DE EUROPA CONTRA LA CORRUPCI\u00d3N<\/a><\/h5>\n<\/li>\n<li>\n<h5><a href=\"https:\/\/webantigua.transparencia.org.es\/CLAD%202006%20Codigo%20iberoamericano%20buen%20gobierno.pdf\">C\u00d3DIGO IBEROAMERICANO DE BUEN GOBIERNO<\/a><\/h5>\n<\/li>\n<li>\n<h5><a href=\"https:\/\/webantigua.transparencia.org.es\/PACTO_GLOBAL\/INDICE%20PACTO%20GLOBAL.htm\">PACTO GLOBAL (GLOBAL COMPACT) DE LA ONU<\/a><\/h5>\n<\/li>\n<\/ul>\n<p>&nbsp;<\/p>\n","protected":false},"excerpt":{"rendered":"<p>CONVENCI\u00d3N DE LA ONU CONTRA LA CORRUPCI\u00d3N (y Conferencias de Estados Parte de la Convenci\u00f3n) CONVENIO OCDE CONTRA LA CORRUPCI\u00d3N TRATADOS DEL CONSEJO DE EUROPA CONTRA LA CORRUPCI\u00d3N C\u00d3DIGO IBEROAMERICANO DE BUEN GOBIERNO PACTO GLOBAL (GLOBAL COMPACT) DE LA ONU &nbsp;<\/p>\n","protected":false},"author":5,"featured_media":0,"parent":0,"menu_order":0,"comment_status":"open","ping_status":"closed","template":"","meta":[],"_links":{"self":[{"href":"https:\/\/transparencia.org.es\/en\/wp-json\/wp\/v2\/pages\/342"}],"collection":[{"href":"https:\/\/transparencia.org.es\/en\/wp-json\/wp\/v2\/pages"}],"about":[{"href":"https:\/\/transparencia.org.es\/en\/wp-json\/wp\/v2\/types\/page"}],"author":[{"embeddable":true,"href":"https:\/\/transparencia.org.es\/en\/wp-json\/wp\/v2\/users\/5"}],"replies":[{"embeddable":true,"href":"https:\/\/transparencia.org.es\/en\/wp-json\/wp\/v2\/comments?post=342"}],"version-history":[{"count":6,"href":"https:\/\/transparencia.org.es\/en\/wp-json\/wp\/v2\/pages\/342\/revisions"}],"predecessor-version":[{"id":1043,"href":"https:\/\/transparencia.org.es\/en\/wp-json\/wp\/v2\/pages\/342\/revisions\/1043"}],"wp:attachment":[{"href":"https:\/\/transparencia.org.es\/en\/wp-json\/wp\/v2\/media?parent=342"}],"curies":[{"name":"wp","href":"https:\/\/api.w.org\/{rel}","templated":true}]}}