{"id":35,"date":"2014-10-04T08:58:57","date_gmt":"2014-10-04T08:58:57","guid":{"rendered":"https:\/\/transparencia.org.es\/en\/?page_id=35"},"modified":"2014-10-14T17:25:50","modified_gmt":"2014-10-14T15:25:50","slug":"ipc-2011","status":"publish","type":"page","link":"https:\/\/transparencia.org.es\/en\/ipc-2011\/","title":{"rendered":"IPC 2011"},"content":{"rendered":"<ul>\n<li>\n<h5><a href=\"https:\/\/webantigua.transparencia.org.es\/IPC%C2%B4s\/IPC_2011\/ASPECTOS_M%C3%81S_DESTACADOS_IPC_2011.pdf\">ASPECTOS\u00a0 M\u00c1S\u00a0 DESTACADOS\u00a0 DEL \u00cdNDICE<\/a><\/h5>\n<\/li>\n<li>\n<h5><a href=\"https:\/\/webantigua.transparencia.org.es\/IPC%C2%B4s\/IPC_2011\/TABLA_SINT%C3%89TICA_DE_RESULTADOS_IPC_2011.pdf\">TABLA\u00a0 SINT\u00c9TICA\u00a0 DE\u00a0 RESULTADOS<\/a><\/h5>\n<\/li>\n<li>\n<h5><a href=\"https:\/\/webantigua.transparencia.org.es\/IPC%C2%B4s\/IPC_2011\/METODOLOG%C3%8DA_UTILIZADA_IPC_2011.pdf\">METODOLOG\u00cdA\u00a0 UTILIZADA<\/a><\/h5>\n<\/li>\n<li>\n<h5><a href=\"https:\/\/webantigua.transparencia.org.es\/IPC%C2%B4s\/IPC_2011\/PREGUNTAS_M%C3%81S_FRECUENTES_IPC_2011.pdf\">PREGUNTAS\u00a0 M\u00c1S\u00a0 FRECUENTES<\/a><\/h5>\n<\/li>\n<li>\n<h5><a href=\"https:\/\/webantigua.transparencia.org.es\/IPC%C2%B4s\/IPC_2011\/MAPA_MUNDIAL_DE_LA_CORRUPCI%C3%93N_IPC_2011.pdf\">MAPA\u00a0 MUNDIAL\u00a0 DE\u00a0 LA\u00a0 CORRUPCI\u00d3N (seg\u00fan IPC 2011)<\/a><\/h5>\n<\/li>\n<li>\n<h5><a href=\"https:\/\/webantigua.transparencia.org.es\/IPC%C2%B4s\/IPC_2011\/FOTOS%20IPC%202011.htm\">FOTOS DEL ACTO DE PRESENTACI\u00d3N DEL IPC<\/a><\/h5>\n<\/li>\n<\/ul>\n<p>&nbsp;<\/p>\n","protected":false},"excerpt":{"rendered":"<p>ASPECTOS\u00a0 M\u00c1S\u00a0 DESTACADOS\u00a0 DEL \u00cdNDICE TABLA\u00a0 SINT\u00c9TICA\u00a0 DE\u00a0 RESULTADOS METODOLOG\u00cdA\u00a0 UTILIZADA PREGUNTAS\u00a0 M\u00c1S\u00a0 FRECUENTES MAPA\u00a0 MUNDIAL\u00a0 DE\u00a0 LA\u00a0 CORRUPCI\u00d3N (seg\u00fan IPC 2011) FOTOS DEL ACTO DE PRESENTACI\u00d3N DEL IPC &nbsp;<\/p>\n","protected":false},"author":5,"featured_media":0,"parent":0,"menu_order":0,"comment_status":"open","ping_status":"open","template":"","meta":[],"_links":{"self":[{"href":"https:\/\/transparencia.org.es\/en\/wp-json\/wp\/v2\/pages\/35"}],"collection":[{"href":"https:\/\/transparencia.org.es\/en\/wp-json\/wp\/v2\/pages"}],"about":[{"href":"https:\/\/transparencia.org.es\/en\/wp-json\/wp\/v2\/types\/page"}],"author":[{"embeddable":true,"href":"https:\/\/transparencia.org.es\/en\/wp-json\/wp\/v2\/users\/5"}],"replies":[{"embeddable":true,"href":"https:\/\/transparencia.org.es\/en\/wp-json\/wp\/v2\/comments?post=35"}],"version-history":[{"count":4,"href":"https:\/\/transparencia.org.es\/en\/wp-json\/wp\/v2\/pages\/35\/revisions"}],"predecessor-version":[{"id":937,"href":"https:\/\/transparencia.org.es\/en\/wp-json\/wp\/v2\/pages\/35\/revisions\/937"}],"wp:attachment":[{"href":"https:\/\/transparencia.org.es\/en\/wp-json\/wp\/v2\/media?parent=35"}],"curies":[{"name":"wp","href":"https:\/\/api.w.org\/{rel}","templated":true}]}}