{"id":413,"date":"2014-10-06T18:44:28","date_gmt":"2014-10-06T16:44:28","guid":{"rendered":"https:\/\/transparencia.org.es\/en\/?page_id=413"},"modified":"2018-10-26T12:35:43","modified_gmt":"2018-10-26T10:35:43","slug":"protective-partners","status":"publish","type":"page","link":"https:\/\/transparencia.org.es\/en\/protective-partners\/","title":{"rendered":"Associates partners"},"content":{"rendered":"<p><span style=\"color: #000000;\">TI Spain strives to collaborate with organizations and companies that share and subscribe to our ethical principles of transparency.<\/span><\/p>\n<p><span style=\"color: #000000;\">These Associates Partners include:<\/span><\/p>\n<ul>\n<li>\n<h5><a href=\"https:\/\/www.fundacionbancarialacaixa.org\/corporate\/home_es.html\">Fundaci\u00f3n La Caixa<\/a><\/h5>\n<\/li>\n<li>\n<h5><a href=\"https:\/\/www.repsol.com\" target=\"_blank\" rel=\"noopener\">Repsol<\/a><\/h5>\n<\/li>\n<li>\n<h5><a href=\"https:\/\/www.fundaciontelefonica.com\/\">Fundaci\u00f3n Telef\u00f3nica<\/a><\/h5>\n<\/li>\n<\/ul>\n<p><span style=\"color: #000000;\">\u00a0<\/span><\/p>\n","protected":false},"excerpt":{"rendered":"<p>TI Spain strives to collaborate with organizations and companies that share and subscribe to our ethical principles of transparency. These Associates Partners include: Fundaci\u00f3n La Caixa Repsol Fundaci\u00f3n Telef\u00f3nica \u00a0<\/p>\n","protected":false},"author":5,"featured_media":0,"parent":0,"menu_order":0,"comment_status":"open","ping_status":"closed","template":"","meta":[],"_links":{"self":[{"href":"https:\/\/transparencia.org.es\/en\/wp-json\/wp\/v2\/pages\/413"}],"collection":[{"href":"https:\/\/transparencia.org.es\/en\/wp-json\/wp\/v2\/pages"}],"about":[{"href":"https:\/\/transparencia.org.es\/en\/wp-json\/wp\/v2\/types\/page"}],"author":[{"embeddable":true,"href":"https:\/\/transparencia.org.es\/en\/wp-json\/wp\/v2\/users\/5"}],"replies":[{"embeddable":true,"href":"https:\/\/transparencia.org.es\/en\/wp-json\/wp\/v2\/comments?post=413"}],"version-history":[{"count":13,"href":"https:\/\/transparencia.org.es\/en\/wp-json\/wp\/v2\/pages\/413\/revisions"}],"predecessor-version":[{"id":2814,"href":"https:\/\/transparencia.org.es\/en\/wp-json\/wp\/v2\/pages\/413\/revisions\/2814"}],"wp:attachment":[{"href":"https:\/\/transparencia.org.es\/en\/wp-json\/wp\/v2\/media?parent=413"}],"curies":[{"name":"wp","href":"https:\/\/api.w.org\/{rel}","templated":true}]}}