{"id":664,"date":"2014-10-09T17:32:29","date_gmt":"2014-10-09T15:32:29","guid":{"rendered":"https:\/\/transparencia.org.es\/en\/?page_id=664"},"modified":"2015-01-30T13:43:27","modified_gmt":"2015-01-30T12:43:27","slug":"ita-2014","status":"publish","type":"page","link":"https:\/\/transparencia.org.es\/en\/ita-2014\/","title":{"rendered":"ITA 2014"},"content":{"rendered":"<p>&nbsp;<\/p>\n<ul>\n<li>\n<h5><a href=\"https:\/\/transparencia.org.es.pymes365.com\/1516-2\/\">\u00cdNDICE DE TRANSPARENCIA DE LOS AYUNTAMIENTOS (ITA) 2014:\u00a0 OBJETIVOS Y CARACTER\u00cdSTICAS B\u00c1SICAS<\/a><\/h5>\n<\/li>\n<li>\n<h5><a href=\"https:\/\/webantigua.transparencia.org.es\/ITA_2014\/Aspectos_destacados_ITA_2014.pdf\">RESULTADOS DEL ITA 2014: ASPECTOS M\u00c1S DESTACADOS<\/a><\/h5>\n<\/li>\n<\/ul>\n<p>&nbsp;<\/p>\n<h5>DETALLE DE LOS RESULTADOS DEL ITA 2014<\/h5>\n<ul>\n<li>\n<h5><a href=\"https:\/\/webantigua.transparencia.org.es\/ITA_2014\/Ranking_global_ITA_2014.pdf\">RANKING DE TRANSPARENCIA GLOBAL<\/a><\/h5>\n<\/li>\n<li>\n<h5><a href=\"https:\/\/webantigua.transparencia.org.es\/ITA_2014\/Ranking_seis_\u00e1reas_ITA_2014.pdf\">RANKINGS DE LAS SEIS \u00c1REAS DE TRANSPARENCIA<\/a><\/h5>\n<\/li>\n<li>\n<h5><a href=\"https:\/\/webantigua.transparencia.org.es\/ITA_2014\/Puntuaciones_medias_ITA_2014.pdf\">PUNTUACIONES MEDIAS EN LAS SEIS \u00c1REAS DE TRANSPARENCIA<\/a><\/h5>\n<\/li>\n<li>\n<h5><a href=\"https:\/\/webantigua.transparencia.org.es\/ITA_2014\/Puntuaci\u00f3n_cada_Ayto_2014.htm\">PUNTUACIONES DE CADA AYUNTAMIENTO EN LAS SEIS \u00c1REAS DE TRANSPARENCIA<\/a><\/h5>\n<\/li>\n<li>\n<h5><a href=\"https:\/\/webantigua.transparencia.org.es\/ITA_2014\/Agrupaci\u00f3n_CCAA_tama\u00f1o_g\u00e9nero_capitalidad_ITA_2014.pdf\">AGRUPACIONES DE LOS AYUNTAMIENTOS SEG\u00daN<\/a>:<br \/>\na) Comunidades Aut\u00f3nomas<br \/>\nb) Grupos de tama\u00f1o<br \/>\nc) G\u00e9nero Alcaldes\/as<br \/>\nd) Capitalidad Ayuntamientos<\/h5>\n<\/li>\n<\/ul>\n<p>&nbsp;<\/p>\n<ul>\n<li>\n<h5><a href=\"https:\/\/webantigua.transparencia.org.es\/ITA_2014\/Proceso_general_2014.pdf\">PROCESO GENERAL DE IMPLANTACI\u00d3N DEL ITA 2014<\/a><\/h5>\n<\/li>\n<li>\n<h5><a href=\"https:\/\/webantigua.transparencia.org.es\/ITA_2014\/Metodolog\u00eda_ITA_2014.pdf\">METODOLOG\u00cdA DEL ITA 2014<\/a><\/h5>\n<\/li>\n<li>\n<h5><a href=\"https:\/\/webantigua.transparencia.org.es\/ITA_2014\/Cuadro_indicadores_ITA_2014.pdf\">CUADRO GENERAL DE INDICADORES<\/a><\/h5>\n<\/li>\n<li>\n<h5><a href=\"https:\/\/webantigua.transparencia.org.es\/ITA_2014\/110_Aytos_2014.pdf\">LOS 110 AYUNTAMIENTOS EVALUADOS<\/a><\/h5>\n<\/li>\n<li>\n<h5><a href=\"https:\/\/webantigua.transparencia.org.es\/ITA_2014\/Comparaciones_2008-14\/Indice_Comparaciones_ITA_2008_a_14.htm\">COMPARACIONES ITA 2008 a 2014<\/a><\/h5>\n<\/li>\n<li>\n<h5><a href=\"https:\/\/webantigua.transparencia.org.es\/ITA_2014\/Acto_presentaci\u00f3n_ITA_2014.htm\">FOTOS DEL ACTO DE PRESENTACI\u00d3N DEL ITA 2014<\/a><\/h5>\n<\/li>\n<\/ul>\n<p>&nbsp;<\/p>\n","protected":false},"excerpt":{"rendered":"<p>&nbsp; \u00cdNDICE DE TRANSPARENCIA DE LOS AYUNTAMIENTOS (ITA) 2014:\u00a0 OBJETIVOS Y CARACTER\u00cdSTICAS B\u00c1SICAS RESULTADOS DEL ITA 2014: ASPECTOS M\u00c1S DESTACADOS &nbsp; DETALLE DE LOS RESULTADOS DEL ITA 2014 RANKING DE TRANSPARENCIA GLOBAL RANKINGS DE LAS SEIS \u00c1REAS DE TRANSPARENCIA PUNTUACIONES MEDIAS EN LAS SEIS \u00c1REAS DE TRANSPARENCIA PUNTUACIONES DE CADA AYUNTAMIENTO EN LAS SEIS \u00c1REAS [&hellip;]<\/p>\n","protected":false},"author":5,"featured_media":0,"parent":0,"menu_order":0,"comment_status":"open","ping_status":"open","template":"","meta":[],"_links":{"self":[{"href":"https:\/\/transparencia.org.es\/en\/wp-json\/wp\/v2\/pages\/664"}],"collection":[{"href":"https:\/\/transparencia.org.es\/en\/wp-json\/wp\/v2\/pages"}],"about":[{"href":"https:\/\/transparencia.org.es\/en\/wp-json\/wp\/v2\/types\/page"}],"author":[{"embeddable":true,"href":"https:\/\/transparencia.org.es\/en\/wp-json\/wp\/v2\/users\/5"}],"replies":[{"embeddable":true,"href":"https:\/\/transparencia.org.es\/en\/wp-json\/wp\/v2\/comments?post=664"}],"version-history":[{"count":5,"href":"https:\/\/transparencia.org.es\/en\/wp-json\/wp\/v2\/pages\/664\/revisions"}],"predecessor-version":[{"id":1344,"href":"https:\/\/transparencia.org.es\/en\/wp-json\/wp\/v2\/pages\/664\/revisions\/1344"}],"wp:attachment":[{"href":"https:\/\/transparencia.org.es\/en\/wp-json\/wp\/v2\/media?parent=664"}],"curies":[{"name":"wp","href":"https:\/\/api.w.org\/{rel}","templated":true}]}}