{"id":68,"date":"2014-10-04T09:08:10","date_gmt":"2014-10-04T07:08:10","guid":{"rendered":"https:\/\/transparencia.org.es\/en\/?page_id=68"},"modified":"2014-10-15T06:43:14","modified_gmt":"2014-10-15T04:43:14","slug":"bgc-2010","status":"publish","type":"page","link":"https:\/\/transparencia.org.es\/en\/bgc-2010\/","title":{"rendered":"BGC 2010"},"content":{"rendered":"<ul>\n<li>\n<h5><a href=\"https:\/\/webantigua.transparencia.org.es\/BAROMETRO_GLOBAL\/BAROMETRO%20GLOBAL%202010\/COMUNICADO%20DE%20PRENSA%20SOBRE%20EL%20BAROMETRO%202010.pdf\">COMUNICADO DE PRENSA SOBRE EL BAR\u00d3METRO 2010<\/a><\/h5>\n<\/li>\n<li>\n<h5><a href=\"https:\/\/webantigua.transparencia.org.es\/BAROMETRO_GLOBAL\/BAROMETRO%20GLOBAL%202010\/INFORME%20DETALLADO%20SOBRE%20EL%20BAROMETRO%202010.pdf\">INFORME DETALLADO SOBRE EL BAR\u00d3METRO 2010<\/a><\/h5>\n<\/li>\n<li>\n<h5><a href=\"https:\/\/webantigua.transparencia.org.es\/BAROMETRO_GLOBAL\/BAROMETRO%20GLOBAL%202010\/TABLA%20SINTETICA%20DE%20RESULTADOS%20POR%20SECTORES.pdf\">TABLA SINT\u00c9TICA DE RESULTADOS POR SECTORES<\/a><\/h5>\n<\/li>\n<li>\n<h5><a href=\"https:\/\/webantigua.transparencia.org.es\/BAROMETRO_GLOBAL\/BAROMETRO%20GLOBAL%202010\/PREGUNTAS%20MAS%20FRECUENTES%20BAROMETRO%202010.pdf\">PREGUNTAS M\u00c1S FRECUENTES.- BAR\u00d3METRO 2010<\/a><\/h5>\n<\/li>\n<li>\n<h5><a href=\"https:\/\/webantigua.transparencia.org.es\/GALERIA%20DE%20FOTOS\/Bar%C3%B3metro%20Global%202010\/Fotos%20Presentaci%C3%B3n%20Bar%C3%B3metro%20Global%202010.htm\">FOTOS DEL ACTO DE PRESENTACI\u00d3N<\/a><\/h5>\n<\/li>\n<\/ul>\n<p>&nbsp;<\/p>\n","protected":false},"excerpt":{"rendered":"<p>COMUNICADO DE PRENSA SOBRE EL BAR\u00d3METRO 2010 INFORME DETALLADO SOBRE EL BAR\u00d3METRO 2010 TABLA SINT\u00c9TICA DE RESULTADOS POR SECTORES PREGUNTAS M\u00c1S FRECUENTES.- BAR\u00d3METRO 2010 FOTOS DEL ACTO DE PRESENTACI\u00d3N &nbsp;<\/p>\n","protected":false},"author":5,"featured_media":0,"parent":0,"menu_order":0,"comment_status":"open","ping_status":"closed","template":"","meta":[],"_links":{"self":[{"href":"https:\/\/transparencia.org.es\/en\/wp-json\/wp\/v2\/pages\/68"}],"collection":[{"href":"https:\/\/transparencia.org.es\/en\/wp-json\/wp\/v2\/pages"}],"about":[{"href":"https:\/\/transparencia.org.es\/en\/wp-json\/wp\/v2\/types\/page"}],"author":[{"embeddable":true,"href":"https:\/\/transparencia.org.es\/en\/wp-json\/wp\/v2\/users\/5"}],"replies":[{"embeddable":true,"href":"https:\/\/transparencia.org.es\/en\/wp-json\/wp\/v2\/comments?post=68"}],"version-history":[{"count":6,"href":"https:\/\/transparencia.org.es\/en\/wp-json\/wp\/v2\/pages\/68\/revisions"}],"predecessor-version":[{"id":1029,"href":"https:\/\/transparencia.org.es\/en\/wp-json\/wp\/v2\/pages\/68\/revisions\/1029"}],"wp:attachment":[{"href":"https:\/\/transparencia.org.es\/en\/wp-json\/wp\/v2\/media?parent=68"}],"curies":[{"name":"wp","href":"https:\/\/api.w.org\/{rel}","templated":true}]}}