{"id":70,"date":"2014-10-04T09:08:29","date_gmt":"2014-10-04T07:08:29","guid":{"rendered":"https:\/\/transparencia.org.es\/en\/?page_id=70"},"modified":"2014-10-15T06:43:32","modified_gmt":"2014-10-15T04:43:32","slug":"bgc-2009","status":"publish","type":"page","link":"https:\/\/transparencia.org.es\/en\/bgc-2009\/","title":{"rendered":"BGC 2009"},"content":{"rendered":"<ul>\n<li>\n<h5><a href=\"https:\/\/webantigua.transparencia.org.es\/BAROMETRO_GLOBAL\/BAROMETRO%20GLOBAL%202009\/Comunicado_de_Prensa_sobre_el_Bar%C3%B3metro_2009.pdf\">COMUNICADO DE PRENSA SOBRE EL BAR\u00d3METRO 2009<\/a><\/h5>\n<\/li>\n<li>\n<h5><a href=\"https:\/\/www.transparency.org\/content\/download\/43836\/701904\">INFORME DETALLADO SOBRE EL BAR\u00d3METRO 2009<\/a><\/h5>\n<\/li>\n<li>\n<h5><a href=\"https:\/\/webantigua.transparencia.org.es\/BAROMETRO_GLOBAL\/BAROMETRO%20GLOBAL%202009\/Tabla_sint%C3%A9tica_Resultados_por_sectores_Bar%C3%B3metro_2009.pdf\">TABLA SINT\u00c9TICA DE RESULTADOS POR SECTORES<\/a><\/h5>\n<\/li>\n<li>\n<h5><a href=\"https:\/\/webantigua.transparencia.org.es\/BAROMETRO_GLOBAL\/BAROMETRO%20GLOBAL%202009\/Preguntas_m%C3%A1s_frencuentes_del_Bar%C3%B3metro_Global_2009.pdf\">PREGUNTAS M\u00c1S FRECUENTES.- BAR\u00d3METRO 2009<\/a><\/h5>\n<\/li>\n<li>\n<h5><a href=\"https:\/\/webantigua.transparencia.org.es\/GALERIA%20DE%20FOTOS\/BAR%C3%93METRO%202009\/Fotos_Bar%C3%B3metro_Global_de%20la%20Corrupci%C3%B3n_2009.htm\">FOTOS DEL ACTO DE PRESENTACI\u00d3N<\/a><\/h5>\n<\/li>\n<\/ul>\n<p>&nbsp;<\/p>\n","protected":false},"excerpt":{"rendered":"<p>COMUNICADO DE PRENSA SOBRE EL BAR\u00d3METRO 2009 INFORME DETALLADO SOBRE EL BAR\u00d3METRO 2009 TABLA SINT\u00c9TICA DE RESULTADOS POR SECTORES PREGUNTAS M\u00c1S FRECUENTES.- BAR\u00d3METRO 2009 FOTOS DEL ACTO DE PRESENTACI\u00d3N &nbsp;<\/p>\n","protected":false},"author":5,"featured_media":0,"parent":0,"menu_order":0,"comment_status":"open","ping_status":"closed","template":"","meta":[],"_links":{"self":[{"href":"https:\/\/transparencia.org.es\/en\/wp-json\/wp\/v2\/pages\/70"}],"collection":[{"href":"https:\/\/transparencia.org.es\/en\/wp-json\/wp\/v2\/pages"}],"about":[{"href":"https:\/\/transparencia.org.es\/en\/wp-json\/wp\/v2\/types\/page"}],"author":[{"embeddable":true,"href":"https:\/\/transparencia.org.es\/en\/wp-json\/wp\/v2\/users\/5"}],"replies":[{"embeddable":true,"href":"https:\/\/transparencia.org.es\/en\/wp-json\/wp\/v2\/comments?post=70"}],"version-history":[{"count":6,"href":"https:\/\/transparencia.org.es\/en\/wp-json\/wp\/v2\/pages\/70\/revisions"}],"predecessor-version":[{"id":1030,"href":"https:\/\/transparencia.org.es\/en\/wp-json\/wp\/v2\/pages\/70\/revisions\/1030"}],"wp:attachment":[{"href":"https:\/\/transparencia.org.es\/en\/wp-json\/wp\/v2\/media?parent=70"}],"curies":[{"name":"wp","href":"https:\/\/api.w.org\/{rel}","templated":true}]}}