{"id":72,"date":"2014-10-04T09:08:44","date_gmt":"2014-10-04T07:08:44","guid":{"rendered":"https:\/\/transparencia.org.es\/en\/?page_id=72"},"modified":"2014-10-15T06:43:39","modified_gmt":"2014-10-15T04:43:39","slug":"bgc-2007","status":"publish","type":"page","link":"https:\/\/transparencia.org.es\/en\/bgc-2007\/","title":{"rendered":"BGC 2007"},"content":{"rendered":"<ul>\n<li>\n<h5><a href=\"https:\/\/webantigua.transparencia.org.es\/BAROMETRO_GLOBAL\/BAROMETRO%20GLOBAL%202007\/BAROMETRO_2007_COMUNICADO_DE_PRENSA.pdf\">COMUNICADO DE PRENSA SOBRE EL BAR\u00d3METRO 2007<\/a><\/h5>\n<\/li>\n<li>\n<h5><a href=\"https:\/\/webantigua.transparencia.org.es\/BAROMETRO_GLOBAL\/BAROMETRO%20GLOBAL%202007\/INFORME_COMPLETO_BAROMETRO_GLOBAL_2007.pdf\">INFORME DETALLADO SOBRE EL BAR\u00d3METRO 2007<\/a><\/h5>\n<\/li>\n<li>\n<h5><a href=\"https:\/\/webantigua.transparencia.org.es\/BAROMETRO_GLOBAL\/BAROMETRO%20GLOBAL%202007\/TABLA_SINTETICA_DE_RESULTADOS_BAROMETRO_GLOBAL_2007.pdf\">TABLA SINT\u00c9TICA DE RESULTADOS POR SECTORES<\/a><\/h5>\n<\/li>\n<li>\n<h5><a href=\"https:\/\/webantigua.transparencia.org.es\/BAROMETRO_GLOBAL\/BAROMETRO%20GLOBAL%202007\/PREGUNTAS_FRECUENTES_BAROMETRO_GLOBAL_2007.pdf\">PREGUNTAS M\u00c1S FRECUENTES.- BAR\u00d3METRO 2007<\/a><\/h5>\n<\/li>\n<li>\n<h5><a href=\"https:\/\/webantigua.transparencia.org.es\/GALERIA%20DE%20FOTOS\/BAR%C3%93METRO%202007\/Presentaci%C3%B3n%20Bar%C3%B3metro%202007.htm\">FOTOS DEL ACTO DE PRESENTACI\u00d3N<\/a><\/h5>\n<\/li>\n<\/ul>\n<p>&nbsp;<\/p>\n","protected":false},"excerpt":{"rendered":"<p>COMUNICADO DE PRENSA SOBRE EL BAR\u00d3METRO 2007 INFORME DETALLADO SOBRE EL BAR\u00d3METRO 2007 TABLA SINT\u00c9TICA DE RESULTADOS POR SECTORES PREGUNTAS M\u00c1S FRECUENTES.- BAR\u00d3METRO 2007 FOTOS DEL ACTO DE PRESENTACI\u00d3N &nbsp;<\/p>\n","protected":false},"author":5,"featured_media":0,"parent":0,"menu_order":0,"comment_status":"open","ping_status":"closed","template":"","meta":[],"_links":{"self":[{"href":"https:\/\/transparencia.org.es\/en\/wp-json\/wp\/v2\/pages\/72"}],"collection":[{"href":"https:\/\/transparencia.org.es\/en\/wp-json\/wp\/v2\/pages"}],"about":[{"href":"https:\/\/transparencia.org.es\/en\/wp-json\/wp\/v2\/types\/page"}],"author":[{"embeddable":true,"href":"https:\/\/transparencia.org.es\/en\/wp-json\/wp\/v2\/users\/5"}],"replies":[{"embeddable":true,"href":"https:\/\/transparencia.org.es\/en\/wp-json\/wp\/v2\/comments?post=72"}],"version-history":[{"count":6,"href":"https:\/\/transparencia.org.es\/en\/wp-json\/wp\/v2\/pages\/72\/revisions"}],"predecessor-version":[{"id":1031,"href":"https:\/\/transparencia.org.es\/en\/wp-json\/wp\/v2\/pages\/72\/revisions\/1031"}],"wp:attachment":[{"href":"https:\/\/transparencia.org.es\/en\/wp-json\/wp\/v2\/media?parent=72"}],"curies":[{"name":"wp","href":"https:\/\/api.w.org\/{rel}","templated":true}]}}