{"id":74,"date":"2014-10-04T09:09:03","date_gmt":"2014-10-04T07:09:03","guid":{"rendered":"https:\/\/transparencia.org.es\/en\/?page_id=74"},"modified":"2014-10-15T06:43:43","modified_gmt":"2014-10-15T04:43:43","slug":"bgc-2006","status":"publish","type":"page","link":"https:\/\/transparencia.org.es\/en\/bgc-2006\/","title":{"rendered":"BGC 2006"},"content":{"rendered":"<ul>\n<li>\n<h5><a href=\"https:\/\/webantigua.transparencia.org.es\/BAROMETRO_GLOBAL\/BAROMETRO_GLOBAL_2006\/Comunicado_de_prensa_Barometro_2006.pdf\">COMUNICADO DE PRENSA SOBRE EL BAR\u00d3METRO 2006<\/a><\/h5>\n<\/li>\n<li>\n<h5><a href=\"https:\/\/webantigua.transparencia.org.es\/BAROMETRO_GLOBAL\/BAROMETRO_GLOBAL_2006\/Informe_detallado_Barometro_2006.pdf\">INFORME DETALLADO SOBRE EL BAR\u00d3METRO 2006<\/a><\/h5>\n<\/li>\n<li>\n<h5><a href=\"https:\/\/webantigua.transparencia.org.es\/BAROMETRO_GLOBAL\/BAROMETRO_GLOBAL_2006\/Tabla_sintetica_de_Resultados_por_sectores_Barometro_2006.pdf\">TABLA SINT\u00c9TICA DE RESULTADOS POR SECTORES<\/a><\/h5>\n<\/li>\n<li>\n<h5><a href=\"https:\/\/webantigua.transparencia.org.es\/BAROMETRO_GLOBAL\/BAROMETRO_GLOBAL_2006\/Preguntas_y_respuestas_Barometro_2006.pdf\">PREGUNTAS M\u00c1S FRECUENTES.- BAR\u00d3METRO 2006<\/a><\/h5>\n<\/li>\n<\/ul>\n<p>&nbsp;<\/p>\n","protected":false},"excerpt":{"rendered":"<p>COMUNICADO DE PRENSA SOBRE EL BAR\u00d3METRO 2006 INFORME DETALLADO SOBRE EL BAR\u00d3METRO 2006 TABLA SINT\u00c9TICA DE RESULTADOS POR SECTORES PREGUNTAS M\u00c1S FRECUENTES.- BAR\u00d3METRO 2006 &nbsp;<\/p>\n","protected":false},"author":5,"featured_media":0,"parent":0,"menu_order":0,"comment_status":"open","ping_status":"closed","template":"","meta":[],"_links":{"self":[{"href":"https:\/\/transparencia.org.es\/en\/wp-json\/wp\/v2\/pages\/74"}],"collection":[{"href":"https:\/\/transparencia.org.es\/en\/wp-json\/wp\/v2\/pages"}],"about":[{"href":"https:\/\/transparencia.org.es\/en\/wp-json\/wp\/v2\/types\/page"}],"author":[{"embeddable":true,"href":"https:\/\/transparencia.org.es\/en\/wp-json\/wp\/v2\/users\/5"}],"replies":[{"embeddable":true,"href":"https:\/\/transparencia.org.es\/en\/wp-json\/wp\/v2\/comments?post=74"}],"version-history":[{"count":6,"href":"https:\/\/transparencia.org.es\/en\/wp-json\/wp\/v2\/pages\/74\/revisions"}],"predecessor-version":[{"id":1032,"href":"https:\/\/transparencia.org.es\/en\/wp-json\/wp\/v2\/pages\/74\/revisions\/1032"}],"wp:attachment":[{"href":"https:\/\/transparencia.org.es\/en\/wp-json\/wp\/v2\/media?parent=74"}],"curies":[{"name":"wp","href":"https:\/\/api.w.org\/{rel}","templated":true}]}}