{"id":76,"date":"2014-10-04T09:09:16","date_gmt":"2014-10-04T07:09:16","guid":{"rendered":"https:\/\/transparencia.org.es\/en\/?page_id=76"},"modified":"2014-10-15T06:43:50","modified_gmt":"2014-10-15T04:43:50","slug":"bgc-2005","status":"publish","type":"page","link":"https:\/\/transparencia.org.es\/en\/bgc-2005\/","title":{"rendered":"BGC 2005"},"content":{"rendered":"<ul>\n<li>\n<h5><a href=\"https:\/\/webantigua.transparencia.org.es\/BAROMETRO_GLOBAL\/barometro%20global%202010%20y%20anteriores\/Encuesta%20de%20Transparencia%202005.htm\">ASPECTOS M\u00c1S DESTACADOS DEL BAR\u00d3METRO 2005<\/a><\/h5>\n<\/li>\n<li>\n<h5><a href=\"https:\/\/webantigua.transparencia.org.es\/BAROMETRO_GLOBAL\/barometro%20global%202010%20y%20anteriores\/Informe%20Bar%C3%B3metro%20Global%202005.pdf\">INFORME DETALLADO SOBRE EL BAR\u00d3METRO 2005<\/a><\/h5>\n<\/li>\n<li>\n<h5><a href=\"https:\/\/webantigua.transparencia.org.es\/BAROMETRO_GLOBAL\/barometro%20global%202010%20y%20anteriores\/Tabla%20sint%C3%A9tica%20de%20Resultados%202005.pdf\">TABLA SINT\u00c9TICA DEL RESULTADO 2005<\/a><\/h5>\n<\/li>\n<\/ul>\n<p>&nbsp;<\/p>\n","protected":false},"excerpt":{"rendered":"<p>ASPECTOS M\u00c1S DESTACADOS DEL BAR\u00d3METRO 2005 INFORME DETALLADO SOBRE EL BAR\u00d3METRO 2005 TABLA SINT\u00c9TICA DEL RESULTADO 2005 &nbsp;<\/p>\n","protected":false},"author":5,"featured_media":0,"parent":0,"menu_order":0,"comment_status":"open","ping_status":"closed","template":"","meta":[],"_links":{"self":[{"href":"https:\/\/transparencia.org.es\/en\/wp-json\/wp\/v2\/pages\/76"}],"collection":[{"href":"https:\/\/transparencia.org.es\/en\/wp-json\/wp\/v2\/pages"}],"about":[{"href":"https:\/\/transparencia.org.es\/en\/wp-json\/wp\/v2\/types\/page"}],"author":[{"embeddable":true,"href":"https:\/\/transparencia.org.es\/en\/wp-json\/wp\/v2\/users\/5"}],"replies":[{"embeddable":true,"href":"https:\/\/transparencia.org.es\/en\/wp-json\/wp\/v2\/comments?post=76"}],"version-history":[{"count":6,"href":"https:\/\/transparencia.org.es\/en\/wp-json\/wp\/v2\/pages\/76\/revisions"}],"predecessor-version":[{"id":1033,"href":"https:\/\/transparencia.org.es\/en\/wp-json\/wp\/v2\/pages\/76\/revisions\/1033"}],"wp:attachment":[{"href":"https:\/\/transparencia.org.es\/en\/wp-json\/wp\/v2\/media?parent=76"}],"curies":[{"name":"wp","href":"https:\/\/api.w.org\/{rel}","templated":true}]}}